{"id":15904,"date":"2021-09-10T12:52:42","date_gmt":"2021-09-10T17:52:42","guid":{"rendered":"https:\/\/homedecor.bosc.co\/store\/?post_type=product&#038;p=15904"},"modified":"2021-09-10T12:52:42","modified_gmt":"2021-09-10T17:52:42","slug":"espejo-hollywood","status":"publish","type":"product","link":"https:\/\/homedecor.bosc.co\/store\/producto\/espejo-hollywood\/","title":{"rendered":"Espejo Hollywood"},"content":{"rendered":"<ul class=\"a-unordered-list a-vertical a-spacing-mini\">\n<li><span class=\"a-list-item\">Iluminaci\u00f3n natural y brillante: 9 bombillas LED con ajustes de luz c\u00e1lida\/luz diurna y brillo ajustable, proporcionan un reflejo limpio y brillante y te permiten obtener la aplicaci\u00f3n m\u00e1s natural del maquillaje, incluso de noche<\/span><\/li>\n<li><span class=\"a-list-item\">Control t\u00e1ctil inteligente: simplemente enciende y apaga la luz y ajusta el brillo tocando el interruptor del sensor en la pantalla. La funci\u00f3n de memoria hace que los LED vuelvan a la misma luminosidad que estaba encendida antes de ser apagados<\/span><\/li>\n<li><span class=\"a-list-item\">Construcci\u00f3n robusta y bombillas LED de alta calidad: fuerte, sensaci\u00f3n s\u00f3lida con marco de metal y base, construida para soportar un uso intensivo. Hermoso espejo reflectante superior construido para durar con material de alta calidad. Bombillas LED no reemplazadas con 50.000 horas de vida \u00fatil, no es necesario reemplazar las bombillas<\/span><\/li>\n<li><span class=\"a-list-item\">Tama\u00f1o perfecto: el marco total (11.8\u00a0in de largo x 8.7\u00a0in de alto x 3.9\u00a0in de ancho) te permite ver toda tu cara a la vez. Lo suficientemente grande como para ser utilizado para maquillaje, aseo o incluso vestirse. Rotaci\u00f3n libre de 180 grados que se puede fijar en cualquier posici\u00f3n para darte el \u00e1ngulo de visi\u00f3n perfecto<\/span><\/li>\n<\/ul>\n","protected":false},"excerpt":{"rendered":"<p>Iluminaci\u00f3n natural y brillante: 9 bombillas LED con ajustes de luz c\u00e1lida\/luz diurna y brillo ajustable, proporcionan un reflejo limpio y brillante y te permiten obtener la aplicaci\u00f3n m\u00e1s natural&hellip;<\/p>\n","protected":false},"featured_media":15905,"comment_status":"open","ping_status":"closed","template":"","meta":[],"product_cat":[168],"product_tag":[],"class_list":["post-15904","product","type-product","status-publish","has-post-thumbnail","hentry","product_cat-espejos","layout-style-1","col-md-4 col-sm-4 col-xs-6","product-has-gallery","product-style-default"],"_links":{"self":[{"href":"https:\/\/homedecor.bosc.co\/store\/wp-json\/wp\/v2\/product\/15904","targetHints":{"allow":["GET"]}}],"collection":[{"href":"https:\/\/homedecor.bosc.co\/store\/wp-json\/wp\/v2\/product"}],"about":[{"href":"https:\/\/homedecor.bosc.co\/store\/wp-json\/wp\/v2\/types\/product"}],"replies":[{"embeddable":true,"href":"https:\/\/homedecor.bosc.co\/store\/wp-json\/wp\/v2\/comments?post=15904"}],"wp:featuredmedia":[{"embeddable":true,"href":"https:\/\/homedecor.bosc.co\/store\/wp-json\/wp\/v2\/media\/15905"}],"wp:attachment":[{"href":"https:\/\/homedecor.bosc.co\/store\/wp-json\/wp\/v2\/media?parent=15904"}],"wp:term":[{"taxonomy":"product_cat","embeddable":true,"href":"https:\/\/homedecor.bosc.co\/store\/wp-json\/wp\/v2\/product_cat?post=15904"},{"taxonomy":"product_tag","embeddable":true,"href":"https:\/\/homedecor.bosc.co\/store\/wp-json\/wp\/v2\/product_tag?post=15904"}],"curies":[{"name":"wp","href":"https:\/\/api.w.org\/{rel}","templated":true}]}}