{"id":15899,"date":"2021-09-10T12:48:33","date_gmt":"2021-09-10T17:48:33","guid":{"rendered":"https:\/\/homedecor.bosc.co\/store\/?post_type=product&#038;p=15899"},"modified":"2021-09-10T14:09:04","modified_gmt":"2021-09-10T19:09:04","slug":"caja-anillo-de-cristal","status":"publish","type":"product","link":"https:\/\/homedecor.bosc.co\/store\/producto\/caja-anillo-de-cristal\/","title":{"rendered":"Caja Anillo de Cristal"},"content":{"rendered":"<ul class=\"a-unordered-list a-vertical a-spacing-mini\">\n<li><span class=\"a-list-item\">Este peque\u00f1o joyero est\u00e1 disponible en cuatro colores: azul Windsor, iridiscente transparente, morado o rojo. Todos tienen un cristal transparente iridiscente en la parte inferior que brilla con un arco iris de colores.<\/span><\/li>\n<li><span class=\"a-list-item\">Una encantadora presentaci\u00f3n para una propuesta de boda y una caja de recuerdos que utilizar\u00e1 durante a\u00f1os.<\/span><\/li>\n<li><span class=\"a-list-item\">Utiliza esta peque\u00f1a caja de cristal para anillos, pendientes y peque\u00f1as joyas.<\/span><\/li>\n<li><span class=\"a-list-item\">Una caja de cristal de color morado hecha a mano se ha fabricado con soldadura sin plomo para protegerte a ti y al medio ambiente.<\/span><\/li>\n<\/ul>\n","protected":false},"excerpt":{"rendered":"<p>Este peque\u00f1o joyero est\u00e1 disponible en cuatro colores: azul Windsor, iridiscente transparente, morado o rojo. Todos tienen un cristal transparente iridiscente en la parte inferior que brilla con un arco&hellip;<\/p>\n","protected":false},"featured_media":15900,"comment_status":"open","ping_status":"closed","template":"","meta":[],"product_cat":[167],"product_tag":[],"class_list":["post-15899","product","type-product","status-publish","has-post-thumbnail","hentry","product_cat-decorados","layout-style-1","col-md-4 col-sm-4 col-xs-6","product-has-gallery","product-style-default"],"_links":{"self":[{"href":"https:\/\/homedecor.bosc.co\/store\/wp-json\/wp\/v2\/product\/15899","targetHints":{"allow":["GET"]}}],"collection":[{"href":"https:\/\/homedecor.bosc.co\/store\/wp-json\/wp\/v2\/product"}],"about":[{"href":"https:\/\/homedecor.bosc.co\/store\/wp-json\/wp\/v2\/types\/product"}],"replies":[{"embeddable":true,"href":"https:\/\/homedecor.bosc.co\/store\/wp-json\/wp\/v2\/comments?post=15899"}],"wp:featuredmedia":[{"embeddable":true,"href":"https:\/\/homedecor.bosc.co\/store\/wp-json\/wp\/v2\/media\/15900"}],"wp:attachment":[{"href":"https:\/\/homedecor.bosc.co\/store\/wp-json\/wp\/v2\/media?parent=15899"}],"wp:term":[{"taxonomy":"product_cat","embeddable":true,"href":"https:\/\/homedecor.bosc.co\/store\/wp-json\/wp\/v2\/product_cat?post=15899"},{"taxonomy":"product_tag","embeddable":true,"href":"https:\/\/homedecor.bosc.co\/store\/wp-json\/wp\/v2\/product_tag?post=15899"}],"curies":[{"name":"wp","href":"https:\/\/api.w.org\/{rel}","templated":true}]}}