{"id":15894,"date":"2021-09-10T12:39:41","date_gmt":"2021-09-10T17:39:41","guid":{"rendered":"https:\/\/homedecor.bosc.co\/store\/?post_type=product&#038;p=15894"},"modified":"2021-09-28T12:40:04","modified_gmt":"2021-09-28T17:40:04","slug":"carrito-de-bar-whitehorse","status":"publish","type":"product","link":"https:\/\/homedecor.bosc.co\/store\/producto\/carrito-de-bar-whitehorse\/","title":{"rendered":"Carrito de Bar Whitehorse"},"content":{"rendered":"<ul class=\"a-unordered-list a-vertical a-spacing-mini\">\n<li><span class=\"a-list-item\">El tama\u00f1o importa: nuestro carrito de bar Whitehorse. tiene un 32. 5.0 in de altura, 30.0 in de longitud y 12.0 in. 25.0 in de ancho, lo que le permite suficiente espacio para guardar su vino y aperitivos y lo suficientemente conveniente para colocar en cualquier habitaci\u00f3n.<\/span><\/li>\n<li><span class=\"a-list-item\">Est\u00e1 en los detalles: este carrito de barra dorada es una pieza vers\u00e1til con un marco de metal y estantes de madera, con estantes en el segundo nivel que puede contener hasta 6 copas de vino y 5 compartimentos para el almacenamiento de botellas de vino. La parte superior est\u00e1 abierta para que puedas colocar bebidas y aperitivos en la parte superior, y viene con 4 ruedas de metal para una f\u00e1cil maniobrabilidad.<\/span><\/li>\n<li><span class=\"a-list-item\">M\u00e1s de lo que parece: este carrito de bar tambi\u00e9n puede funcionar como un carrito de caf\u00e9, almacenamiento de comedor, o incluso como una mesa auxiliar.<\/span><\/li>\n<li><span class=\"a-list-item\">El toque perfecto: este carrito de bar es una maravillosa pieza de acento para cualquier cocina o bar.<\/span><\/li>\n<\/ul>\n","protected":false},"excerpt":{"rendered":"<p>El tama\u00f1o importa: nuestro carrito de bar Whitehorse. tiene un 32. 5.0 in de altura, 30.0 in de longitud y 12.0 in. 25.0 in de ancho, lo que le permite&hellip;<\/p>\n","protected":false},"featured_media":15895,"comment_status":"open","ping_status":"closed","template":"","meta":[],"product_cat":[172],"product_tag":[],"class_list":["post-15894","product","type-product","status-publish","has-post-thumbnail","hentry","product_cat-carritos-de-bar","layout-style-1","col-md-4 col-sm-4 col-xs-6","product-has-gallery","product-style-default"],"_links":{"self":[{"href":"https:\/\/homedecor.bosc.co\/store\/wp-json\/wp\/v2\/product\/15894","targetHints":{"allow":["GET"]}}],"collection":[{"href":"https:\/\/homedecor.bosc.co\/store\/wp-json\/wp\/v2\/product"}],"about":[{"href":"https:\/\/homedecor.bosc.co\/store\/wp-json\/wp\/v2\/types\/product"}],"replies":[{"embeddable":true,"href":"https:\/\/homedecor.bosc.co\/store\/wp-json\/wp\/v2\/comments?post=15894"}],"wp:featuredmedia":[{"embeddable":true,"href":"https:\/\/homedecor.bosc.co\/store\/wp-json\/wp\/v2\/media\/15895"}],"wp:attachment":[{"href":"https:\/\/homedecor.bosc.co\/store\/wp-json\/wp\/v2\/media?parent=15894"}],"wp:term":[{"taxonomy":"product_cat","embeddable":true,"href":"https:\/\/homedecor.bosc.co\/store\/wp-json\/wp\/v2\/product_cat?post=15894"},{"taxonomy":"product_tag","embeddable":true,"href":"https:\/\/homedecor.bosc.co\/store\/wp-json\/wp\/v2\/product_tag?post=15894"}],"curies":[{"name":"wp","href":"https:\/\/api.w.org\/{rel}","templated":true}]}}