{"id":15889,"date":"2021-09-10T12:32:39","date_gmt":"2021-09-10T17:32:39","guid":{"rendered":"https:\/\/homedecor.bosc.co\/store\/?post_type=product&#038;p=15889"},"modified":"2021-09-10T12:32:39","modified_gmt":"2021-09-10T17:32:39","slug":"mesa-de-centro-windsor","status":"publish","type":"product","link":"https:\/\/homedecor.bosc.co\/store\/producto\/mesa-de-centro-windsor\/","title":{"rendered":"Mesa de Centro Windsor"},"content":{"rendered":"<ul>\n<li><span class=\"a-list-item\">El acabado dorado hecho a mano se aplica al marco de acero.<\/span><\/li>\n<li><span class=\"a-list-item\">Limpiar con un pa\u00f1o suave y seco; sin productos qu\u00edmicos agresivos ni materiales de limpieza abrasivos.<\/span><\/li>\n<li><span class=\"a-list-item\">F\u00e1cil montaje.<\/span><\/li>\n<\/ul>\n","protected":false},"excerpt":{"rendered":"<p>El acabado dorado hecho a mano se aplica al marco de acero. Limpiar con un pa\u00f1o suave y seco; sin productos qu\u00edmicos agresivos ni materiales de limpieza abrasivos. F\u00e1cil montaje.<\/p>\n","protected":false},"featured_media":15890,"comment_status":"open","ping_status":"closed","template":"","meta":[],"product_cat":[169],"product_tag":[],"class_list":["post-15889","product","type-product","status-publish","has-post-thumbnail","hentry","product_cat-mobiliario","layout-style-1","col-md-4 col-sm-4 col-xs-6","product-has-gallery","product-style-default"],"_links":{"self":[{"href":"https:\/\/homedecor.bosc.co\/store\/wp-json\/wp\/v2\/product\/15889","targetHints":{"allow":["GET"]}}],"collection":[{"href":"https:\/\/homedecor.bosc.co\/store\/wp-json\/wp\/v2\/product"}],"about":[{"href":"https:\/\/homedecor.bosc.co\/store\/wp-json\/wp\/v2\/types\/product"}],"replies":[{"embeddable":true,"href":"https:\/\/homedecor.bosc.co\/store\/wp-json\/wp\/v2\/comments?post=15889"}],"wp:featuredmedia":[{"embeddable":true,"href":"https:\/\/homedecor.bosc.co\/store\/wp-json\/wp\/v2\/media\/15890"}],"wp:attachment":[{"href":"https:\/\/homedecor.bosc.co\/store\/wp-json\/wp\/v2\/media?parent=15889"}],"wp:term":[{"taxonomy":"product_cat","embeddable":true,"href":"https:\/\/homedecor.bosc.co\/store\/wp-json\/wp\/v2\/product_cat?post=15889"},{"taxonomy":"product_tag","embeddable":true,"href":"https:\/\/homedecor.bosc.co\/store\/wp-json\/wp\/v2\/product_tag?post=15889"}],"curies":[{"name":"wp","href":"https:\/\/api.w.org\/{rel}","templated":true}]}}