{"id":15876,"date":"2021-09-10T12:21:33","date_gmt":"2021-09-10T17:21:33","guid":{"rendered":"https:\/\/homedecor.bosc.co\/store\/?post_type=product&#038;p=15876"},"modified":"2021-09-10T12:21:33","modified_gmt":"2021-09-10T17:21:33","slug":"bandeja-para-joyas-prisma","status":"publish","type":"product","link":"https:\/\/homedecor.bosc.co\/store\/producto\/bandeja-para-joyas-prisma\/","title":{"rendered":"Bandeja para joyas Prisma"},"content":{"rendered":"<ul class=\"a-unordered-list a-vertical a-spacing-mini\">\n<li><span class=\"a-list-item\">Parte de la colecci\u00f3n: los lados de esta bandeja est\u00e1n hechos de un alambre de lat\u00f3n con forma geom\u00e9trica, que muestra tus joyas desde todos los \u00e1ngulos. La base de la bandeja tiene un elegante forro de lino de color arena.<\/span><\/li>\n<li><span class=\"a-list-item\">Dise\u00f1ado por SUNG WOOK PARK: Sung Wook estaba jugando con cables cuando cre\u00f3 la forma 3D para el producto original, un marco de fotos.<\/span><\/li>\n<li><span class=\"a-list-item\">Ideal en la parte superior de los vestidores y tocadores: la bandeja mide 11.0 x 7.2 x 1.5\u00a0in, por lo que es una bandeja impactante y atractiva para una variedad de superficies de mesa.<\/span><\/li>\n<li><span class=\"a-list-item\">El dise\u00f1o \u00fanico de alambre geom\u00e9trico te permite mostrar y mostrar tus accesorios favoritos mientras los mantiene seguros y organizados. Gracias a su dise\u00f1o moderno, esta bandeja de accesorios se puede colocar en cualquier lugar; desde tu mesita de noche hasta tu tocador, mientras que mejora la decoraci\u00f3n circundante.<\/span><\/li>\n<\/ul>\n","protected":false},"excerpt":{"rendered":"<p>Parte de la colecci\u00f3n: los lados de esta bandeja est\u00e1n hechos de un alambre de lat\u00f3n con forma geom\u00e9trica, que muestra tus joyas desde todos los \u00e1ngulos. La base de&hellip;<\/p>\n","protected":false},"featured_media":15877,"comment_status":"open","ping_status":"closed","template":"","meta":[],"product_cat":[167],"product_tag":[],"class_list":["post-15876","product","type-product","status-publish","has-post-thumbnail","hentry","product_cat-decorados","layout-style-1","col-md-4 col-sm-4 col-xs-6","product-has-gallery","product-style-default"],"_links":{"self":[{"href":"https:\/\/homedecor.bosc.co\/store\/wp-json\/wp\/v2\/product\/15876","targetHints":{"allow":["GET"]}}],"collection":[{"href":"https:\/\/homedecor.bosc.co\/store\/wp-json\/wp\/v2\/product"}],"about":[{"href":"https:\/\/homedecor.bosc.co\/store\/wp-json\/wp\/v2\/types\/product"}],"replies":[{"embeddable":true,"href":"https:\/\/homedecor.bosc.co\/store\/wp-json\/wp\/v2\/comments?post=15876"}],"wp:featuredmedia":[{"embeddable":true,"href":"https:\/\/homedecor.bosc.co\/store\/wp-json\/wp\/v2\/media\/15877"}],"wp:attachment":[{"href":"https:\/\/homedecor.bosc.co\/store\/wp-json\/wp\/v2\/media?parent=15876"}],"wp:term":[{"taxonomy":"product_cat","embeddable":true,"href":"https:\/\/homedecor.bosc.co\/store\/wp-json\/wp\/v2\/product_cat?post=15876"},{"taxonomy":"product_tag","embeddable":true,"href":"https:\/\/homedecor.bosc.co\/store\/wp-json\/wp\/v2\/product_tag?post=15876"}],"curies":[{"name":"wp","href":"https:\/\/api.w.org\/{rel}","templated":true}]}}