{"id":15870,"date":"2021-09-10T12:16:33","date_gmt":"2021-09-10T17:16:33","guid":{"rendered":"https:\/\/homedecor.bosc.co\/store\/?post_type=product&#038;p=15870"},"modified":"2021-09-10T12:16:33","modified_gmt":"2021-09-10T17:16:33","slug":"vasija-de-pared-moderna","status":"publish","type":"product","link":"https:\/\/homedecor.bosc.co\/store\/producto\/vasija-de-pared-moderna\/","title":{"rendered":"Vasija de Pared moderna"},"content":{"rendered":"<ul class=\"a-unordered-list a-vertical a-spacing-mini\">\n<li><span class=\"a-list-item\">Decoraci\u00f3n de pared y escritorio de cer\u00e1mica<\/span><\/li>\n<li><span class=\"a-list-item\">Recipientes y jarrones, color blanco<\/span><\/li>\n<li><span class=\"a-list-item\">Lat\u00f3n (dimensiones del art\u00edculo: 8.34 x 6.58 x 5.78 pulgadas)<\/span><\/li>\n<\/ul>\n","protected":false},"excerpt":{"rendered":"<p>Decoraci\u00f3n de pared y escritorio de cer\u00e1mica Recipientes y jarrones, color blanco Lat\u00f3n (dimensiones del art\u00edculo: 8.34 x 6.58 x 5.78 pulgadas)<\/p>\n","protected":false},"featured_media":15871,"comment_status":"open","ping_status":"closed","template":"","meta":[],"product_cat":[167],"product_tag":[],"class_list":["post-15870","product","type-product","status-publish","has-post-thumbnail","hentry","product_cat-decorados","layout-style-1","col-md-4 col-sm-4 col-xs-6","product-has-gallery","product-style-default"],"_links":{"self":[{"href":"https:\/\/homedecor.bosc.co\/store\/wp-json\/wp\/v2\/product\/15870","targetHints":{"allow":["GET"]}}],"collection":[{"href":"https:\/\/homedecor.bosc.co\/store\/wp-json\/wp\/v2\/product"}],"about":[{"href":"https:\/\/homedecor.bosc.co\/store\/wp-json\/wp\/v2\/types\/product"}],"replies":[{"embeddable":true,"href":"https:\/\/homedecor.bosc.co\/store\/wp-json\/wp\/v2\/comments?post=15870"}],"wp:featuredmedia":[{"embeddable":true,"href":"https:\/\/homedecor.bosc.co\/store\/wp-json\/wp\/v2\/media\/15871"}],"wp:attachment":[{"href":"https:\/\/homedecor.bosc.co\/store\/wp-json\/wp\/v2\/media?parent=15870"}],"wp:term":[{"taxonomy":"product_cat","embeddable":true,"href":"https:\/\/homedecor.bosc.co\/store\/wp-json\/wp\/v2\/product_cat?post=15870"},{"taxonomy":"product_tag","embeddable":true,"href":"https:\/\/homedecor.bosc.co\/store\/wp-json\/wp\/v2\/product_tag?post=15870"}],"curies":[{"name":"wp","href":"https:\/\/api.w.org\/{rel}","templated":true}]}}