{"id":15859,"date":"2021-09-10T12:06:38","date_gmt":"2021-09-10T17:06:38","guid":{"rendered":"https:\/\/homedecor.bosc.co\/store\/?post_type=product&#038;p=15859"},"modified":"2021-09-10T12:06:38","modified_gmt":"2021-09-10T17:06:38","slug":"cesta-de-cuerda","status":"publish","type":"product","link":"https:\/\/homedecor.bosc.co\/store\/producto\/cesta-de-cuerda\/","title":{"rendered":"Cesta de Cuerda"},"content":{"rendered":"<ul class=\"a-unordered-list a-vertical a-spacing-mini\">\n<li><span class=\"a-list-item\">Material duradero: 100% algod\u00f3n cosido juntos para crear un contenedor grueso y resistente para soportar incluso las cargas m\u00e1s pesadas.<\/span><\/li>\n<li><span class=\"a-list-item\">Amigable con la familia: material de algod\u00f3n y tejido suave, la cesta es segura para ni\u00f1os y mascotas sin productos qu\u00edmicos agresivos o bordes afilados.<\/span><\/li>\n<li><span class=\"a-list-item\">Color neutro: el dise\u00f1o blanco y gris se integra perfectamente en cualquier habitaci\u00f3n o combina con cualquier decoraci\u00f3n.<\/span><\/li>\n<li><span class=\"a-list-item\">F\u00e1cil de usar: las asas en ambos lados permiten una f\u00e1cil transferencia y el algod\u00f3n ligero evita ara\u00f1azos en suelos o paredes.<\/span><\/li>\n<li><span class=\"a-list-item\">Dise\u00f1o pr\u00e1ctico: perfecto para guardar zapatos en un pasillo, mantas en un armario o juguetes en el dormitorio. Plegable cuando no est\u00e1 en uso.<\/span><\/li>\n<\/ul>\n","protected":false},"excerpt":{"rendered":"<p>Material duradero: 100% algod\u00f3n cosido juntos para crear un contenedor grueso y resistente para soportar incluso las cargas m\u00e1s pesadas. Amigable con la familia: material de algod\u00f3n y tejido suave,&hellip;<\/p>\n","protected":false},"featured_media":15860,"comment_status":"open","ping_status":"closed","template":"","meta":[],"product_cat":[167],"product_tag":[],"class_list":["post-15859","product","type-product","status-publish","has-post-thumbnail","hentry","product_cat-decorados","layout-style-1","col-md-4 col-sm-4 col-xs-6","product-has-gallery","product-style-default"],"_links":{"self":[{"href":"https:\/\/homedecor.bosc.co\/store\/wp-json\/wp\/v2\/product\/15859","targetHints":{"allow":["GET"]}}],"collection":[{"href":"https:\/\/homedecor.bosc.co\/store\/wp-json\/wp\/v2\/product"}],"about":[{"href":"https:\/\/homedecor.bosc.co\/store\/wp-json\/wp\/v2\/types\/product"}],"replies":[{"embeddable":true,"href":"https:\/\/homedecor.bosc.co\/store\/wp-json\/wp\/v2\/comments?post=15859"}],"wp:featuredmedia":[{"embeddable":true,"href":"https:\/\/homedecor.bosc.co\/store\/wp-json\/wp\/v2\/media\/15860"}],"wp:attachment":[{"href":"https:\/\/homedecor.bosc.co\/store\/wp-json\/wp\/v2\/media?parent=15859"}],"wp:term":[{"taxonomy":"product_cat","embeddable":true,"href":"https:\/\/homedecor.bosc.co\/store\/wp-json\/wp\/v2\/product_cat?post=15859"},{"taxonomy":"product_tag","embeddable":true,"href":"https:\/\/homedecor.bosc.co\/store\/wp-json\/wp\/v2\/product_tag?post=15859"}],"curies":[{"name":"wp","href":"https:\/\/api.w.org\/{rel}","templated":true}]}}