{"id":15854,"date":"2021-09-10T11:58:23","date_gmt":"2021-09-10T16:58:23","guid":{"rendered":"https:\/\/homedecor.bosc.co\/store\/?post_type=product&#038;p=15854"},"modified":"2021-09-10T12:02:24","modified_gmt":"2021-09-10T17:02:24","slug":"espejo-fredericton","status":"publish","type":"product","link":"https:\/\/homedecor.bosc.co\/store\/producto\/espejo-fredericton\/","title":{"rendered":"Espejo Fredericton"},"content":{"rendered":"<ul class=\"a-unordered-list a-vertical a-spacing-mini\">\n<li><span class=\"a-list-item\">Un intrincado marco le da a este espejo una sofisticaci\u00f3n moderna y un toque de glamour. Con un acabado dorado cl\u00e1sico, el marco de metal de doble capa a\u00f1ade profundidad y textura a una sala de estar o pasillo, o mantenlo solo para ti mismo, encima de un dormitorio.<\/span><\/li>\n<li><span class=\"a-list-item\">Sofisticaci\u00f3n moderna y un toque de glamour<\/span><\/li>\n<li><span class=\"a-list-item\">Cristal, marco de hierro con acabado dorado<\/span><\/li>\n<li><span class=\"a-list-item\">16.5\u00a0in de ancho x 1.7\u00a0in de profundidad x 22.3\u00a0in de alto<\/span><\/li>\n<li><span class=\"a-list-item\">Evitar la humedad. Se limpia con un pa\u00f1o suave y seco. <\/span><\/li>\n<\/ul>\n","protected":false},"excerpt":{"rendered":"<p>Un intrincado marco le da a este espejo una sofisticaci\u00f3n moderna y un toque de glamour. Con un acabado dorado cl\u00e1sico, el marco de metal de doble capa a\u00f1ade profundidad&hellip;<\/p>\n","protected":false},"featured_media":15855,"comment_status":"open","ping_status":"closed","template":"","meta":[],"product_cat":[168],"product_tag":[],"class_list":["post-15854","product","type-product","status-publish","has-post-thumbnail","hentry","product_cat-espejos","layout-style-1","col-md-4 col-sm-4 col-xs-6","product-has-gallery","product-style-default"],"_links":{"self":[{"href":"https:\/\/homedecor.bosc.co\/store\/wp-json\/wp\/v2\/product\/15854","targetHints":{"allow":["GET"]}}],"collection":[{"href":"https:\/\/homedecor.bosc.co\/store\/wp-json\/wp\/v2\/product"}],"about":[{"href":"https:\/\/homedecor.bosc.co\/store\/wp-json\/wp\/v2\/types\/product"}],"replies":[{"embeddable":true,"href":"https:\/\/homedecor.bosc.co\/store\/wp-json\/wp\/v2\/comments?post=15854"}],"wp:featuredmedia":[{"embeddable":true,"href":"https:\/\/homedecor.bosc.co\/store\/wp-json\/wp\/v2\/media\/15855"}],"wp:attachment":[{"href":"https:\/\/homedecor.bosc.co\/store\/wp-json\/wp\/v2\/media?parent=15854"}],"wp:term":[{"taxonomy":"product_cat","embeddable":true,"href":"https:\/\/homedecor.bosc.co\/store\/wp-json\/wp\/v2\/product_cat?post=15854"},{"taxonomy":"product_tag","embeddable":true,"href":"https:\/\/homedecor.bosc.co\/store\/wp-json\/wp\/v2\/product_tag?post=15854"}],"curies":[{"name":"wp","href":"https:\/\/api.w.org\/{rel}","templated":true}]}}