{"id":15841,"date":"2021-09-10T11:40:21","date_gmt":"2021-09-10T16:40:21","guid":{"rendered":"https:\/\/homedecor.bosc.co\/store\/?post_type=product&#038;p=15841"},"modified":"2021-09-10T11:40:21","modified_gmt":"2021-09-10T16:40:21","slug":"cojin-vaughan","status":"publish","type":"product","link":"https:\/\/homedecor.bosc.co\/store\/producto\/cojin-vaughan\/","title":{"rendered":"Coj\u00edn Vaughan"},"content":{"rendered":"<ul class=\"a-unordered-list a-vertical a-spacing-mini\">\n<li><span class=\"a-list-item\">Fundas de coj\u00edn decorativas, originales: A\u00f1ade un toque de dise\u00f1o a la decoraci\u00f3n de tu hogar, cama, sof\u00e1, silla, coche, patio, granja, dormitorio, oficina, etc<\/span><\/li>\n<li><span class=\"a-list-item\">Fundas de coj\u00edn suaves y acogedoras: Estas fundas decorativas para coj\u00edn est\u00e1n hechas de terciopelo de poli\u00e9ster duradero, c\u00f3modo y muy suave al tacto, grado A, alta clase, ambos lados son iguales<\/span><\/li>\n<li><span class=\"a-list-item\">Fundas de coj\u00edn de alta calidad: El color de la tela se combina con el cierre zipper invisible. Se puede desmontar con libertad, es conveniente para cambiar. El color de la tela es hermoso y sin decoloraci\u00f3n<\/span><\/li>\n<\/ul>\n","protected":false},"excerpt":{"rendered":"<p>Fundas de coj\u00edn decorativas, originales: A\u00f1ade un toque de dise\u00f1o a la decoraci\u00f3n de tu hogar, cama, sof\u00e1, silla, coche, patio, granja, dormitorio, oficina, etc Fundas de coj\u00edn suaves y&hellip;<\/p>\n","protected":false},"featured_media":15842,"comment_status":"open","ping_status":"closed","template":"","meta":[],"product_cat":[166],"product_tag":[],"class_list":["post-15841","product","type-product","status-publish","has-post-thumbnail","hentry","product_cat-cojines","layout-style-1","col-md-4 col-sm-4 col-xs-6","product-has-gallery","product-style-default"],"_links":{"self":[{"href":"https:\/\/homedecor.bosc.co\/store\/wp-json\/wp\/v2\/product\/15841","targetHints":{"allow":["GET"]}}],"collection":[{"href":"https:\/\/homedecor.bosc.co\/store\/wp-json\/wp\/v2\/product"}],"about":[{"href":"https:\/\/homedecor.bosc.co\/store\/wp-json\/wp\/v2\/types\/product"}],"replies":[{"embeddable":true,"href":"https:\/\/homedecor.bosc.co\/store\/wp-json\/wp\/v2\/comments?post=15841"}],"wp:featuredmedia":[{"embeddable":true,"href":"https:\/\/homedecor.bosc.co\/store\/wp-json\/wp\/v2\/media\/15842"}],"wp:attachment":[{"href":"https:\/\/homedecor.bosc.co\/store\/wp-json\/wp\/v2\/media?parent=15841"}],"wp:term":[{"taxonomy":"product_cat","embeddable":true,"href":"https:\/\/homedecor.bosc.co\/store\/wp-json\/wp\/v2\/product_cat?post=15841"},{"taxonomy":"product_tag","embeddable":true,"href":"https:\/\/homedecor.bosc.co\/store\/wp-json\/wp\/v2\/product_tag?post=15841"}],"curies":[{"name":"wp","href":"https:\/\/api.w.org\/{rel}","templated":true}]}}