{"id":15828,"date":"2021-09-10T11:32:18","date_gmt":"2021-09-10T16:32:18","guid":{"rendered":"https:\/\/homedecor.bosc.co\/store\/?post_type=product&#038;p=15828"},"modified":"2021-09-10T11:32:18","modified_gmt":"2021-09-10T16:32:18","slug":"cojin-gatineau","status":"publish","type":"product","link":"https:\/\/homedecor.bosc.co\/store\/producto\/cojin-gatineau\/","title":{"rendered":"Coj\u00edn Gatineau"},"content":{"rendered":"<ul class=\"a-unordered-list a-vertical a-spacing-mini\">\n<li><span class=\"a-list-item\">Material: mezcla de algod\u00f3n y poli\u00e9ster, las fundas de almohada son c\u00f3modas, suaves al tacto, ligeras, duraderas, de grado A, de alta calidad.<\/span><\/li>\n<li><span class=\"a-list-item\">Tama\u00f1o: fundas de almohada de 20 x 20 pulgadas (juego de 2). 2 fundas de almohada, los insertos no est\u00e1n incluidos (sin relleno).<\/span><\/li>\n<li><span class=\"a-list-item\">Dise\u00f1o: nuestra funda de almohada turquesa est\u00e1 hecha de algod\u00f3n de alta calidad y es saludable, transpirable y ligera, que es suave al tacto. Adecuado para todas las estaciones, transpirable para el verano caliente mientras caliente para el fr\u00edo invierno.<\/span><\/li>\n<\/ul>\n","protected":false},"excerpt":{"rendered":"<p>Material: mezcla de algod\u00f3n y poli\u00e9ster, las fundas de almohada son c\u00f3modas, suaves al tacto, ligeras, duraderas, de grado A, de alta calidad. Tama\u00f1o: fundas de almohada de 20 x&hellip;<\/p>\n","protected":false},"featured_media":15829,"comment_status":"open","ping_status":"closed","template":"","meta":[],"product_cat":[166],"product_tag":[],"class_list":["post-15828","product","type-product","status-publish","has-post-thumbnail","hentry","product_cat-cojines","layout-style-1","col-md-4 col-sm-4 col-xs-6","product-has-gallery","product-style-default"],"_links":{"self":[{"href":"https:\/\/homedecor.bosc.co\/store\/wp-json\/wp\/v2\/product\/15828","targetHints":{"allow":["GET"]}}],"collection":[{"href":"https:\/\/homedecor.bosc.co\/store\/wp-json\/wp\/v2\/product"}],"about":[{"href":"https:\/\/homedecor.bosc.co\/store\/wp-json\/wp\/v2\/types\/product"}],"replies":[{"embeddable":true,"href":"https:\/\/homedecor.bosc.co\/store\/wp-json\/wp\/v2\/comments?post=15828"}],"wp:featuredmedia":[{"embeddable":true,"href":"https:\/\/homedecor.bosc.co\/store\/wp-json\/wp\/v2\/media\/15829"}],"wp:attachment":[{"href":"https:\/\/homedecor.bosc.co\/store\/wp-json\/wp\/v2\/media?parent=15828"}],"wp:term":[{"taxonomy":"product_cat","embeddable":true,"href":"https:\/\/homedecor.bosc.co\/store\/wp-json\/wp\/v2\/product_cat?post=15828"},{"taxonomy":"product_tag","embeddable":true,"href":"https:\/\/homedecor.bosc.co\/store\/wp-json\/wp\/v2\/product_tag?post=15828"}],"curies":[{"name":"wp","href":"https:\/\/api.w.org\/{rel}","templated":true}]}}