{"id":15821,"date":"2021-09-10T11:26:20","date_gmt":"2021-09-10T16:26:20","guid":{"rendered":"https:\/\/homedecor.bosc.co\/store\/?post_type=product&#038;p=15821"},"modified":"2021-09-10T14:07:14","modified_gmt":"2021-09-10T19:07:14","slug":"cojin-kitchener","status":"publish","type":"product","link":"https:\/\/homedecor.bosc.co\/store\/producto\/cojin-kitchener\/","title":{"rendered":"Coj\u00edn Kitchener"},"content":{"rendered":"<ul class=\"a-unordered-list a-vertical a-spacing-mini\">\n<li><span class=\"a-list-item\">100 % poli\u00e9ster<\/span><\/li>\n<li><span class=\"a-list-item\">Tama\u00f1o: 19.7 x 19.7\u00a0in. El paquete contiene 2 fundas de almohada, no incluye almohada.<\/span><\/li>\n<li><span class=\"a-list-item\">Material: ambos lados de tela jacquard de alta calidad, c\u00f3modo y duradero, todos los patrones est\u00e1n dise\u00f1ados por dise\u00f1adores profesionales.<\/span><\/li>\n<li><span class=\"a-list-item\">Artesan\u00eda: cremallera invisible que permite una f\u00e1cil inserci\u00f3n y extracci\u00f3n, doble punto de zigzag para evitar que se deshilache.<\/span><\/li>\n<li><span class=\"a-list-item\">Cuidado: lavar a m\u00e1quina en fr\u00edo por separado, ciclo suave, no usar lej\u00eda, secar en secadora a baja temperatura.<\/span><\/li>\n<\/ul>\n","protected":false},"excerpt":{"rendered":"<p>100 % poli\u00e9ster Tama\u00f1o: 19.7 x 19.7\u00a0in. El paquete contiene 2 fundas de almohada, no incluye almohada. Material: ambos lados de tela jacquard de alta calidad, c\u00f3modo y duradero, todos&hellip;<\/p>\n","protected":false},"featured_media":15822,"comment_status":"open","ping_status":"closed","template":"","meta":[],"product_cat":[166],"product_tag":[],"class_list":["post-15821","product","type-product","status-publish","has-post-thumbnail","hentry","product_cat-cojines","layout-style-1","col-md-4 col-sm-4 col-xs-6","product-has-gallery","product-style-default"],"_links":{"self":[{"href":"https:\/\/homedecor.bosc.co\/store\/wp-json\/wp\/v2\/product\/15821","targetHints":{"allow":["GET"]}}],"collection":[{"href":"https:\/\/homedecor.bosc.co\/store\/wp-json\/wp\/v2\/product"}],"about":[{"href":"https:\/\/homedecor.bosc.co\/store\/wp-json\/wp\/v2\/types\/product"}],"replies":[{"embeddable":true,"href":"https:\/\/homedecor.bosc.co\/store\/wp-json\/wp\/v2\/comments?post=15821"}],"wp:featuredmedia":[{"embeddable":true,"href":"https:\/\/homedecor.bosc.co\/store\/wp-json\/wp\/v2\/media\/15822"}],"wp:attachment":[{"href":"https:\/\/homedecor.bosc.co\/store\/wp-json\/wp\/v2\/media?parent=15821"}],"wp:term":[{"taxonomy":"product_cat","embeddable":true,"href":"https:\/\/homedecor.bosc.co\/store\/wp-json\/wp\/v2\/product_cat?post=15821"},{"taxonomy":"product_tag","embeddable":true,"href":"https:\/\/homedecor.bosc.co\/store\/wp-json\/wp\/v2\/product_tag?post=15821"}],"curies":[{"name":"wp","href":"https:\/\/api.w.org\/{rel}","templated":true}]}}