{"id":15803,"date":"2021-09-10T10:53:37","date_gmt":"2021-09-10T15:53:37","guid":{"rendered":"https:\/\/homedecor.bosc.co\/store\/?post_type=product&#038;p=15803"},"modified":"2021-09-10T14:06:08","modified_gmt":"2021-09-10T19:06:08","slug":"cojin-halifax","status":"publish","type":"product","link":"https:\/\/homedecor.bosc.co\/store\/producto\/cojin-halifax\/","title":{"rendered":"Coj\u00edn Halifax"},"content":{"rendered":"<p><span class=\"a-list-item\">Fundas de almohada bohemias hechas a mano: las fundas de almohada decorativas est\u00e1n hechas a mano con macram\u00e9 tejido y lino 100% algod\u00f3n de primera calidad. Perfecto para colocarlo en el sof\u00e1, dormitorio, oficina, sala de estar, fiesta, etc., a\u00f1adiendo un toque de decoraci\u00f3n minimalista a tu hogar o cualquier otro lugar.<\/span><\/p>\n","protected":false},"excerpt":{"rendered":"<p>Fundas de almohada bohemias hechas a mano: las fundas de almohada decorativas est\u00e1n hechas a mano con macram\u00e9 tejido y lino 100% algod\u00f3n de primera calidad. Perfecto para colocarlo en&hellip;<\/p>\n","protected":false},"featured_media":15804,"comment_status":"open","ping_status":"closed","template":"","meta":[],"product_cat":[166],"product_tag":[],"class_list":["post-15803","product","type-product","status-publish","has-post-thumbnail","hentry","product_cat-cojines","layout-style-1","col-md-4 col-sm-4 col-xs-6","product-has-gallery","product-style-default"],"_links":{"self":[{"href":"https:\/\/homedecor.bosc.co\/store\/wp-json\/wp\/v2\/product\/15803","targetHints":{"allow":["GET"]}}],"collection":[{"href":"https:\/\/homedecor.bosc.co\/store\/wp-json\/wp\/v2\/product"}],"about":[{"href":"https:\/\/homedecor.bosc.co\/store\/wp-json\/wp\/v2\/types\/product"}],"replies":[{"embeddable":true,"href":"https:\/\/homedecor.bosc.co\/store\/wp-json\/wp\/v2\/comments?post=15803"}],"wp:featuredmedia":[{"embeddable":true,"href":"https:\/\/homedecor.bosc.co\/store\/wp-json\/wp\/v2\/media\/15804"}],"wp:attachment":[{"href":"https:\/\/homedecor.bosc.co\/store\/wp-json\/wp\/v2\/media?parent=15803"}],"wp:term":[{"taxonomy":"product_cat","embeddable":true,"href":"https:\/\/homedecor.bosc.co\/store\/wp-json\/wp\/v2\/product_cat?post=15803"},{"taxonomy":"product_tag","embeddable":true,"href":"https:\/\/homedecor.bosc.co\/store\/wp-json\/wp\/v2\/product_tag?post=15803"}],"curies":[{"name":"wp","href":"https:\/\/api.w.org\/{rel}","templated":true}]}}