{"id":15798,"date":"2021-09-10T10:37:30","date_gmt":"2021-09-10T15:37:30","guid":{"rendered":"https:\/\/homedecor.bosc.co\/store\/?post_type=product&#038;p=15798"},"modified":"2021-09-10T14:05:52","modified_gmt":"2021-09-10T19:05:52","slug":"cojin-victoria","status":"publish","type":"product","link":"https:\/\/homedecor.bosc.co\/store\/producto\/cojin-victoria\/","title":{"rendered":"Coj\u00edn Victoria"},"content":{"rendered":"<p><span class=\"a-list-item\">Exquisito dise\u00f1o elegante: los pompones en cada lado a\u00f1aden belleza a estas fundas de almohada, \u00fanicas y adorables. El blanco crema es suave y limpio, haciendo que las fundas de almohada sean hermosas. Es un buen regalo para tus familiares y amigos.<\/span><\/p>\n","protected":false},"excerpt":{"rendered":"<p>Exquisito dise\u00f1o elegante: los pompones en cada lado a\u00f1aden belleza a estas fundas de almohada, \u00fanicas y adorables. El blanco crema es suave y limpio, haciendo que las fundas de&hellip;<\/p>\n","protected":false},"featured_media":15799,"comment_status":"open","ping_status":"closed","template":"","meta":[],"product_cat":[166],"product_tag":[],"class_list":["post-15798","product","type-product","status-publish","has-post-thumbnail","hentry","product_cat-cojines","layout-style-1","col-md-4 col-sm-4 col-xs-6","product-has-gallery","product-style-default"],"_links":{"self":[{"href":"https:\/\/homedecor.bosc.co\/store\/wp-json\/wp\/v2\/product\/15798","targetHints":{"allow":["GET"]}}],"collection":[{"href":"https:\/\/homedecor.bosc.co\/store\/wp-json\/wp\/v2\/product"}],"about":[{"href":"https:\/\/homedecor.bosc.co\/store\/wp-json\/wp\/v2\/types\/product"}],"replies":[{"embeddable":true,"href":"https:\/\/homedecor.bosc.co\/store\/wp-json\/wp\/v2\/comments?post=15798"}],"wp:featuredmedia":[{"embeddable":true,"href":"https:\/\/homedecor.bosc.co\/store\/wp-json\/wp\/v2\/media\/15799"}],"wp:attachment":[{"href":"https:\/\/homedecor.bosc.co\/store\/wp-json\/wp\/v2\/media?parent=15798"}],"wp:term":[{"taxonomy":"product_cat","embeddable":true,"href":"https:\/\/homedecor.bosc.co\/store\/wp-json\/wp\/v2\/product_cat?post=15798"},{"taxonomy":"product_tag","embeddable":true,"href":"https:\/\/homedecor.bosc.co\/store\/wp-json\/wp\/v2\/product_tag?post=15798"}],"curies":[{"name":"wp","href":"https:\/\/api.w.org\/{rel}","templated":true}]}}