{"id":15791,"date":"2021-09-10T10:28:23","date_gmt":"2021-09-10T15:28:23","guid":{"rendered":"https:\/\/homedecor.bosc.co\/store\/?post_type=product&#038;p=15791"},"modified":"2021-09-10T14:05:38","modified_gmt":"2021-09-10T19:05:38","slug":"cojin-whistler","status":"publish","type":"product","link":"https:\/\/homedecor.bosc.co\/store\/producto\/cojin-whistler\/","title":{"rendered":"Coj\u00edn Whistler"},"content":{"rendered":"<p>Hermosa funda de almohada decorativa bohemia: combinaci\u00f3n de tela texturizada neutra con elementos de punzonado, tiras y borlas, introduce una serie de estilos: acent\u00faa, bohemia, granja y marroqu\u00ed a estas fundas de almohada. Las fundas de almohada Whistler son una manera f\u00e1cil de dar un nuevo aspecto a tus viejos cojines, y una gran opci\u00f3n para alegrar tu dormitorio, sof\u00e1.<\/p>\n","protected":false},"excerpt":{"rendered":"<p>Hermosa funda de almohada decorativa bohemia: combinaci\u00f3n de tela texturizada neutra con elementos de punzonado, tiras y borlas, introduce una serie de estilos: acent\u00faa, bohemia, granja y marroqu\u00ed a estas&hellip;<\/p>\n","protected":false},"featured_media":15792,"comment_status":"open","ping_status":"closed","template":"","meta":[],"product_cat":[166],"product_tag":[],"class_list":["post-15791","product","type-product","status-publish","has-post-thumbnail","hentry","product_cat-cojines","layout-style-1","col-md-4 col-sm-4 col-xs-6","product-has-gallery","product-style-default"],"_links":{"self":[{"href":"https:\/\/homedecor.bosc.co\/store\/wp-json\/wp\/v2\/product\/15791","targetHints":{"allow":["GET"]}}],"collection":[{"href":"https:\/\/homedecor.bosc.co\/store\/wp-json\/wp\/v2\/product"}],"about":[{"href":"https:\/\/homedecor.bosc.co\/store\/wp-json\/wp\/v2\/types\/product"}],"replies":[{"embeddable":true,"href":"https:\/\/homedecor.bosc.co\/store\/wp-json\/wp\/v2\/comments?post=15791"}],"wp:featuredmedia":[{"embeddable":true,"href":"https:\/\/homedecor.bosc.co\/store\/wp-json\/wp\/v2\/media\/15792"}],"wp:attachment":[{"href":"https:\/\/homedecor.bosc.co\/store\/wp-json\/wp\/v2\/media?parent=15791"}],"wp:term":[{"taxonomy":"product_cat","embeddable":true,"href":"https:\/\/homedecor.bosc.co\/store\/wp-json\/wp\/v2\/product_cat?post=15791"},{"taxonomy":"product_tag","embeddable":true,"href":"https:\/\/homedecor.bosc.co\/store\/wp-json\/wp\/v2\/product_tag?post=15791"}],"curies":[{"name":"wp","href":"https:\/\/api.w.org\/{rel}","templated":true}]}}