{"id":15784,"date":"2021-09-10T10:20:29","date_gmt":"2021-09-10T15:20:29","guid":{"rendered":"https:\/\/homedecor.bosc.co\/store\/?post_type=product&#038;p=15784"},"modified":"2021-09-10T14:05:12","modified_gmt":"2021-09-10T19:05:12","slug":"cojin-winnipeg","status":"publish","type":"product","link":"https:\/\/homedecor.bosc.co\/store\/producto\/cojin-winnipeg\/","title":{"rendered":"Coj\u00edn Winnipeg"},"content":{"rendered":"<p><span class=\"a-list-item\">Decoraci\u00f3n minimalista para interiores: suave y limpio, fabricado para una mayor durabilidad con detalles finos que proporcionan una hermosa definici\u00f3n de color, mientras que tambi\u00e9n es el complemento perfecto para tus lugares interiores de estilo n\u00f3rdico. Con un cl\u00e1sico dise\u00f1o geom\u00e9trico, a\u00f1\u00e1delo al grupo de asientos de la sala de estar para complementar un conjunto contempor\u00e1neo o \u00fasalo para acentuar tu sof\u00e1 de patio favorito con un estilo llamativo.<\/span><\/p>\n","protected":false},"excerpt":{"rendered":"<p>Decoraci\u00f3n minimalista para interiores: suave y limpio, fabricado para una mayor durabilidad con detalles finos que proporcionan una hermosa definici\u00f3n de color, mientras que tambi\u00e9n es el complemento perfecto para&hellip;<\/p>\n","protected":false},"featured_media":15785,"comment_status":"open","ping_status":"closed","template":"","meta":[],"product_cat":[166],"product_tag":[],"class_list":["post-15784","product","type-product","status-publish","has-post-thumbnail","hentry","product_cat-cojines","layout-style-1","col-md-4 col-sm-4 col-xs-6","product-has-gallery","product-style-default"],"_links":{"self":[{"href":"https:\/\/homedecor.bosc.co\/store\/wp-json\/wp\/v2\/product\/15784","targetHints":{"allow":["GET"]}}],"collection":[{"href":"https:\/\/homedecor.bosc.co\/store\/wp-json\/wp\/v2\/product"}],"about":[{"href":"https:\/\/homedecor.bosc.co\/store\/wp-json\/wp\/v2\/types\/product"}],"replies":[{"embeddable":true,"href":"https:\/\/homedecor.bosc.co\/store\/wp-json\/wp\/v2\/comments?post=15784"}],"wp:featuredmedia":[{"embeddable":true,"href":"https:\/\/homedecor.bosc.co\/store\/wp-json\/wp\/v2\/media\/15785"}],"wp:attachment":[{"href":"https:\/\/homedecor.bosc.co\/store\/wp-json\/wp\/v2\/media?parent=15784"}],"wp:term":[{"taxonomy":"product_cat","embeddable":true,"href":"https:\/\/homedecor.bosc.co\/store\/wp-json\/wp\/v2\/product_cat?post=15784"},{"taxonomy":"product_tag","embeddable":true,"href":"https:\/\/homedecor.bosc.co\/store\/wp-json\/wp\/v2\/product_tag?post=15784"}],"curies":[{"name":"wp","href":"https:\/\/api.w.org\/{rel}","templated":true}]}}