{"id":15778,"date":"2021-09-10T10:07:49","date_gmt":"2021-09-10T15:07:49","guid":{"rendered":"https:\/\/homedecor.bosc.co\/store\/?post_type=product&#038;p=15778"},"modified":"2021-09-10T14:03:26","modified_gmt":"2021-09-10T19:03:26","slug":"cojin-quebec","status":"publish","type":"product","link":"https:\/\/homedecor.bosc.co\/store\/producto\/cojin-quebec\/","title":{"rendered":"Coj\u00edn Quebec"},"content":{"rendered":"<p>Fundas de almohada decorativas de rayas geom\u00e9tricas, inspiradas en patrones cl\u00e1sicos de artesan\u00eda india. La versatilidad art\u00edstica de los cojines est\u00e1 hecha de 45 % algod\u00f3n + 45 % poli\u00e9ster + 10 % viscosa. Parte trasera: 100 % algod\u00f3n. 17.7 x 17.7 in. El tejido es suave y denso, costuras agradables y apretadas, incluyendo alrededor de la cremallera. Efecto 3D. La t\u00e9cnica de fting hace que esta funda de almohada sea tan distintiva, a\u00f1adiendo \u00e9tnica improvisada y elegancia a tu espacio vital<\/p>\n","protected":false},"excerpt":{"rendered":"<p>Fundas de almohada decorativas de rayas geom\u00e9tricas, inspiradas en patrones cl\u00e1sicos de artesan\u00eda india. La versatilidad art\u00edstica de los cojines est\u00e1 hecha de 45 % algod\u00f3n + 45 % poli\u00e9ster&hellip;<\/p>\n","protected":false},"featured_media":15779,"comment_status":"open","ping_status":"closed","template":"","meta":[],"product_cat":[166],"product_tag":[],"class_list":["post-15778","product","type-product","status-publish","has-post-thumbnail","hentry","product_cat-cojines","layout-style-1","col-md-4 col-sm-4 col-xs-6","product-has-gallery","product-style-default"],"_links":{"self":[{"href":"https:\/\/homedecor.bosc.co\/store\/wp-json\/wp\/v2\/product\/15778","targetHints":{"allow":["GET"]}}],"collection":[{"href":"https:\/\/homedecor.bosc.co\/store\/wp-json\/wp\/v2\/product"}],"about":[{"href":"https:\/\/homedecor.bosc.co\/store\/wp-json\/wp\/v2\/types\/product"}],"replies":[{"embeddable":true,"href":"https:\/\/homedecor.bosc.co\/store\/wp-json\/wp\/v2\/comments?post=15778"}],"wp:featuredmedia":[{"embeddable":true,"href":"https:\/\/homedecor.bosc.co\/store\/wp-json\/wp\/v2\/media\/15779"}],"wp:attachment":[{"href":"https:\/\/homedecor.bosc.co\/store\/wp-json\/wp\/v2\/media?parent=15778"}],"wp:term":[{"taxonomy":"product_cat","embeddable":true,"href":"https:\/\/homedecor.bosc.co\/store\/wp-json\/wp\/v2\/product_cat?post=15778"},{"taxonomy":"product_tag","embeddable":true,"href":"https:\/\/homedecor.bosc.co\/store\/wp-json\/wp\/v2\/product_tag?post=15778"}],"curies":[{"name":"wp","href":"https:\/\/api.w.org\/{rel}","templated":true}]}}