{"id":15762,"date":"2021-09-09T15:20:30","date_gmt":"2021-09-09T20:20:30","guid":{"rendered":"https:\/\/homedecor.bosc.co\/store\/?post_type=product&#038;p=15762"},"modified":"2021-09-10T14:04:50","modified_gmt":"2021-09-10T19:04:50","slug":"cojin-ottawa","status":"publish","type":"product","link":"https:\/\/homedecor.bosc.co\/store\/producto\/cojin-ottawa\/","title":{"rendered":"Cojin Ottawa"},"content":{"rendered":"<p><span class=\"a-list-item\">Algod\u00f3n\/lana\/piel sint\u00e9tica.<\/span><\/p>\n<p><span class=\"a-list-item\">El tama\u00f1o perfecto para los cojines m\u00e1s grandes y c\u00f3modos de tu cama o sof\u00e1, acompa\u00f1ado de l<\/span><span class=\"a-list-item\">a duradera y espl\u00e9ndida lana sint\u00e9tica se siente ultrasuave al contacto con la piel. Disponibles en muchos colores y tama\u00f1os. Elige tu favorito.<\/span><\/p>\n","protected":false},"excerpt":{"rendered":"<p>Algod\u00f3n\/lana\/piel sint\u00e9tica. El tama\u00f1o perfecto para los cojines m\u00e1s grandes y c\u00f3modos de tu cama o sof\u00e1, acompa\u00f1ado de la duradera y espl\u00e9ndida lana sint\u00e9tica se siente ultrasuave al contacto&hellip;<\/p>\n","protected":false},"featured_media":15763,"comment_status":"open","ping_status":"closed","template":"","meta":[],"product_cat":[166],"product_tag":[],"class_list":["post-15762","product","type-product","status-publish","has-post-thumbnail","hentry","product_cat-cojines","layout-style-1","col-md-4 col-sm-4 col-xs-6","product-has-gallery","product-style-default"],"_links":{"self":[{"href":"https:\/\/homedecor.bosc.co\/store\/wp-json\/wp\/v2\/product\/15762","targetHints":{"allow":["GET"]}}],"collection":[{"href":"https:\/\/homedecor.bosc.co\/store\/wp-json\/wp\/v2\/product"}],"about":[{"href":"https:\/\/homedecor.bosc.co\/store\/wp-json\/wp\/v2\/types\/product"}],"replies":[{"embeddable":true,"href":"https:\/\/homedecor.bosc.co\/store\/wp-json\/wp\/v2\/comments?post=15762"}],"wp:featuredmedia":[{"embeddable":true,"href":"https:\/\/homedecor.bosc.co\/store\/wp-json\/wp\/v2\/media\/15763"}],"wp:attachment":[{"href":"https:\/\/homedecor.bosc.co\/store\/wp-json\/wp\/v2\/media?parent=15762"}],"wp:term":[{"taxonomy":"product_cat","embeddable":true,"href":"https:\/\/homedecor.bosc.co\/store\/wp-json\/wp\/v2\/product_cat?post=15762"},{"taxonomy":"product_tag","embeddable":true,"href":"https:\/\/homedecor.bosc.co\/store\/wp-json\/wp\/v2\/product_tag?post=15762"}],"curies":[{"name":"wp","href":"https:\/\/api.w.org\/{rel}","templated":true}]}}