{"id":15754,"date":"2021-09-09T14:59:45","date_gmt":"2021-09-09T19:59:45","guid":{"rendered":"https:\/\/homedecor.bosc.co\/store\/?post_type=product&#038;p=15754"},"modified":"2021-09-10T14:04:31","modified_gmt":"2021-09-10T19:04:31","slug":"cojin-montreal","status":"publish","type":"product","link":"https:\/\/homedecor.bosc.co\/store\/producto\/cojin-montreal\/","title":{"rendered":"Coj\u00edn Montreal"},"content":{"rendered":"<p>Hecho de tela de algod\u00f3n 100%, la tela es gruesa, duradera y agradable al tacto. La parte de nudos 3D es suave y densa. Los detalles de borla en cuatro esquinas hacen que la funda de almohada sea lujosa y \u00fanica. Dise\u00f1o de cremallera invisible, todas las costuras interiores est\u00e1n cosidas para evitar que se deshilache.<\/p>\n","protected":false},"excerpt":{"rendered":"<p>Hecho de tela de algod\u00f3n 100%, la tela es gruesa, duradera y agradable al tacto. La parte de nudos 3D es suave y densa. Los detalles de borla en cuatro&hellip;<\/p>\n","protected":false},"featured_media":15755,"comment_status":"open","ping_status":"closed","template":"","meta":[],"product_cat":[166],"product_tag":[],"class_list":["post-15754","product","type-product","status-publish","has-post-thumbnail","hentry","product_cat-cojines","layout-style-1","col-md-4 col-sm-4 col-xs-6","product-has-gallery","product-style-default"],"_links":{"self":[{"href":"https:\/\/homedecor.bosc.co\/store\/wp-json\/wp\/v2\/product\/15754","targetHints":{"allow":["GET"]}}],"collection":[{"href":"https:\/\/homedecor.bosc.co\/store\/wp-json\/wp\/v2\/product"}],"about":[{"href":"https:\/\/homedecor.bosc.co\/store\/wp-json\/wp\/v2\/types\/product"}],"replies":[{"embeddable":true,"href":"https:\/\/homedecor.bosc.co\/store\/wp-json\/wp\/v2\/comments?post=15754"}],"wp:featuredmedia":[{"embeddable":true,"href":"https:\/\/homedecor.bosc.co\/store\/wp-json\/wp\/v2\/media\/15755"}],"wp:attachment":[{"href":"https:\/\/homedecor.bosc.co\/store\/wp-json\/wp\/v2\/media?parent=15754"}],"wp:term":[{"taxonomy":"product_cat","embeddable":true,"href":"https:\/\/homedecor.bosc.co\/store\/wp-json\/wp\/v2\/product_cat?post=15754"},{"taxonomy":"product_tag","embeddable":true,"href":"https:\/\/homedecor.bosc.co\/store\/wp-json\/wp\/v2\/product_tag?post=15754"}],"curies":[{"name":"wp","href":"https:\/\/api.w.org\/{rel}","templated":true}]}}