{"id":15742,"date":"2021-09-09T12:10:22","date_gmt":"2021-09-09T17:10:22","guid":{"rendered":"https:\/\/homedecor.bosc.co\/store\/?post_type=product&#038;p=15742"},"modified":"2021-09-09T12:10:22","modified_gmt":"2021-09-09T17:10:22","slug":"lampara-carcasona","status":"publish","type":"product","link":"https:\/\/homedecor.bosc.co\/store\/producto\/lampara-carcasona\/","title":{"rendered":"L\u00e1mpara Carcasona"},"content":{"rendered":"<p><span class=\"a-list-item\">Haz una declaraci\u00f3n en tu comedor, cocina, sala de estar y m\u00e1s con esta l\u00e1mpara de ara\u00f1a de 9 luces de color negro y dorado.<\/span><\/p>\n<p><span class=\"a-list-item\">Encantador dise\u00f1o de inspiraci\u00f3n industrial para crear una impresionante iluminaci\u00f3n en tu mesa de comedor, sobre tu isla de cocina, escalera y mucho m\u00e1s.<\/span><\/p>\n<p>Dale la bienvenida a los invitados en el vest\u00edbulo o \u00fasalo en un interruptor normal para iluminar la cocina durante un comedor con tu familia.<\/p>\n","protected":false},"excerpt":{"rendered":"<p>Haz una declaraci\u00f3n en tu comedor, cocina, sala de estar y m\u00e1s con esta l\u00e1mpara de ara\u00f1a de 9 luces de color negro y dorado. Encantador dise\u00f1o de inspiraci\u00f3n industrial&hellip;<\/p>\n","protected":false},"featured_media":15743,"comment_status":"open","ping_status":"closed","template":"","meta":[],"product_cat":[163],"product_tag":[],"class_list":["post-15742","product","type-product","status-publish","has-post-thumbnail","hentry","product_cat-lamparas-de-techo","layout-style-1","col-md-4 col-sm-4 col-xs-6","product-has-gallery","product-style-default"],"_links":{"self":[{"href":"https:\/\/homedecor.bosc.co\/store\/wp-json\/wp\/v2\/product\/15742","targetHints":{"allow":["GET"]}}],"collection":[{"href":"https:\/\/homedecor.bosc.co\/store\/wp-json\/wp\/v2\/product"}],"about":[{"href":"https:\/\/homedecor.bosc.co\/store\/wp-json\/wp\/v2\/types\/product"}],"replies":[{"embeddable":true,"href":"https:\/\/homedecor.bosc.co\/store\/wp-json\/wp\/v2\/comments?post=15742"}],"wp:featuredmedia":[{"embeddable":true,"href":"https:\/\/homedecor.bosc.co\/store\/wp-json\/wp\/v2\/media\/15743"}],"wp:attachment":[{"href":"https:\/\/homedecor.bosc.co\/store\/wp-json\/wp\/v2\/media?parent=15742"}],"wp:term":[{"taxonomy":"product_cat","embeddable":true,"href":"https:\/\/homedecor.bosc.co\/store\/wp-json\/wp\/v2\/product_cat?post=15742"},{"taxonomy":"product_tag","embeddable":true,"href":"https:\/\/homedecor.bosc.co\/store\/wp-json\/wp\/v2\/product_tag?post=15742"}],"curies":[{"name":"wp","href":"https:\/\/api.w.org\/{rel}","templated":true}]}}