{"id":15729,"date":"2021-09-09T11:57:07","date_gmt":"2021-09-09T16:57:07","guid":{"rendered":"https:\/\/homedecor.bosc.co\/store\/?post_type=product&#038;p=15729"},"modified":"2021-09-09T11:57:07","modified_gmt":"2021-09-09T16:57:07","slug":"lampara-niza","status":"publish","type":"product","link":"https:\/\/homedecor.bosc.co\/store\/producto\/lampara-niza\/","title":{"rendered":"L\u00e1mpara Niza"},"content":{"rendered":"<p>Hecha de metal en un acabado de oro cepillado distinguido, esta l\u00e1mpara de ara\u00f1a dorada cuenta con una pantalla geom\u00e9trica ajustable con lados abiertos para un aspecto aireado. Puedes cambiar el aspecto girando el marco.<\/p>\n<p>Tama\u00f1o de la l\u00e1mpara dorada: 11.8 x 20.5\u00a0in. El tama\u00f1o grande lo hace lo suficientemente grande como para ser la \u00fanica fuente de luz para tus habitaciones. Esta iluminaci\u00f3n colgante dorada viene con una cadena de oro ajustable de 60.0\u00a0in que te permite ajustar la altura entre 81.0\u00a0in a 22.0\u00a0in desde el techo hasta la parte inferior. Adaptable para techos planos, inclinados y abovedados.<\/p>\n","protected":false},"excerpt":{"rendered":"<p>Hecha de metal en un acabado de oro cepillado distinguido, esta l\u00e1mpara de ara\u00f1a dorada cuenta con una pantalla geom\u00e9trica ajustable con lados abiertos para un aspecto aireado. Puedes cambiar&hellip;<\/p>\n","protected":false},"featured_media":15730,"comment_status":"open","ping_status":"closed","template":"","meta":[],"product_cat":[163],"product_tag":[],"class_list":["post-15729","product","type-product","status-publish","has-post-thumbnail","hentry","product_cat-lamparas-de-techo","layout-style-1","col-md-4 col-sm-4 col-xs-6","product-has-gallery","product-style-default"],"_links":{"self":[{"href":"https:\/\/homedecor.bosc.co\/store\/wp-json\/wp\/v2\/product\/15729","targetHints":{"allow":["GET"]}}],"collection":[{"href":"https:\/\/homedecor.bosc.co\/store\/wp-json\/wp\/v2\/product"}],"about":[{"href":"https:\/\/homedecor.bosc.co\/store\/wp-json\/wp\/v2\/types\/product"}],"replies":[{"embeddable":true,"href":"https:\/\/homedecor.bosc.co\/store\/wp-json\/wp\/v2\/comments?post=15729"}],"wp:featuredmedia":[{"embeddable":true,"href":"https:\/\/homedecor.bosc.co\/store\/wp-json\/wp\/v2\/media\/15730"}],"wp:attachment":[{"href":"https:\/\/homedecor.bosc.co\/store\/wp-json\/wp\/v2\/media?parent=15729"}],"wp:term":[{"taxonomy":"product_cat","embeddable":true,"href":"https:\/\/homedecor.bosc.co\/store\/wp-json\/wp\/v2\/product_cat?post=15729"},{"taxonomy":"product_tag","embeddable":true,"href":"https:\/\/homedecor.bosc.co\/store\/wp-json\/wp\/v2\/product_tag?post=15729"}],"curies":[{"name":"wp","href":"https:\/\/api.w.org\/{rel}","templated":true}]}}