{"id":15723,"date":"2021-09-09T11:48:48","date_gmt":"2021-09-09T16:48:48","guid":{"rendered":"https:\/\/homedecor.bosc.co\/store\/?post_type=product&#038;p=15723"},"modified":"2021-09-09T11:48:48","modified_gmt":"2021-09-09T16:48:48","slug":"lampara-caen","status":"publish","type":"product","link":"https:\/\/homedecor.bosc.co\/store\/producto\/lampara-caen\/","title":{"rendered":"L\u00e1mpara Caen"},"content":{"rendered":"<p><span class=\"a-list-item\">L\u00e1mpara de ara\u00f1a de lujo atemporal: con una atractiva pintura dorada, dise\u00f1o en forma de X y 8 portavelas sencillos, esta l\u00e1mpara de ara\u00f1a crea un ambiente contempor\u00e1neo pero rom\u00e1ntico para tu dulce hogar y garantiza un mont\u00f3n de luz fascinante para tu comedor y cocina.<\/span><\/p>\n<p>Este centro de mesa focal es de 37.0\u00a0in de largo x 13.0\u00a0in de ancho x 16.9\u00a0in de alto, lo que hace que su tama\u00f1o sea perfecto para tu cocina y mesa de comedor rectangular. El toldo viene en 9 pulgadas de largo x 4 1\/2 pulgadas de ancho x 1 pulgada de altura, dise\u00f1ado para cubrir completamente el tama\u00f1o est\u00e1ndar de la caja de conexiones. Viene con 2 cadenas ajustables de 59 pulgadas de altura que te dan la opci\u00f3n de ajustar la altura entre 77 pulgadas a 22 pulgadas desde el techo a la parte inferior seg\u00fan tus necesidades.<\/p>\n","protected":false},"excerpt":{"rendered":"<p>L\u00e1mpara de ara\u00f1a de lujo atemporal: con una atractiva pintura dorada, dise\u00f1o en forma de X y 8 portavelas sencillos, esta l\u00e1mpara de ara\u00f1a crea un ambiente contempor\u00e1neo pero rom\u00e1ntico&hellip;<\/p>\n","protected":false},"featured_media":15724,"comment_status":"open","ping_status":"closed","template":"","meta":[],"product_cat":[163],"product_tag":[],"class_list":["post-15723","product","type-product","status-publish","has-post-thumbnail","hentry","product_cat-lamparas-de-techo","layout-style-1","col-md-4 col-sm-4 col-xs-6","product-has-gallery","product-style-default"],"_links":{"self":[{"href":"https:\/\/homedecor.bosc.co\/store\/wp-json\/wp\/v2\/product\/15723","targetHints":{"allow":["GET"]}}],"collection":[{"href":"https:\/\/homedecor.bosc.co\/store\/wp-json\/wp\/v2\/product"}],"about":[{"href":"https:\/\/homedecor.bosc.co\/store\/wp-json\/wp\/v2\/types\/product"}],"replies":[{"embeddable":true,"href":"https:\/\/homedecor.bosc.co\/store\/wp-json\/wp\/v2\/comments?post=15723"}],"wp:featuredmedia":[{"embeddable":true,"href":"https:\/\/homedecor.bosc.co\/store\/wp-json\/wp\/v2\/media\/15724"}],"wp:attachment":[{"href":"https:\/\/homedecor.bosc.co\/store\/wp-json\/wp\/v2\/media?parent=15723"}],"wp:term":[{"taxonomy":"product_cat","embeddable":true,"href":"https:\/\/homedecor.bosc.co\/store\/wp-json\/wp\/v2\/product_cat?post=15723"},{"taxonomy":"product_tag","embeddable":true,"href":"https:\/\/homedecor.bosc.co\/store\/wp-json\/wp\/v2\/product_tag?post=15723"}],"curies":[{"name":"wp","href":"https:\/\/api.w.org\/{rel}","templated":true}]}}