{"id":15718,"date":"2021-09-09T11:37:55","date_gmt":"2021-09-09T16:37:55","guid":{"rendered":"https:\/\/homedecor.bosc.co\/store\/?post_type=product&#038;p=15718"},"modified":"2021-09-09T11:37:55","modified_gmt":"2021-09-09T16:37:55","slug":"lampara-arles","status":"publish","type":"product","link":"https:\/\/homedecor.bosc.co\/store\/producto\/lampara-arles\/","title":{"rendered":"L\u00e1mpara Arl\u00e9s"},"content":{"rendered":"<p><span class=\"a-list-item\">L\u00e1mpara de ara\u00f1a contempor\u00e1nea con un elegante tallo de metal y cuatro brazos con elegantes remates que sobresalen debajo de una pantalla redonda blanca. La altura ajustable y la iluminaci\u00f3n suave funcionan bien en cualquier habitaci\u00f3n.<\/span><\/p>\n<p><span class=\"a-list-item\">Placa de montaje de metal con acabado dorado antiguo, tallo y brazos con una pantalla redonda de tela blanca.<\/span><\/p>\n<p><span class=\"a-list-item\">Crea un ambiente c\u00e1lido para una sala de estar, comedor, entrada o dormitorio, a<\/span><span class=\"a-list-item\">ltura ajustable para colgar de 42.0\u00a0in con pantalla de 20.0\u00a0in de di\u00e1metro<\/span><\/p>\n","protected":false},"excerpt":{"rendered":"<p>L\u00e1mpara de ara\u00f1a contempor\u00e1nea con un elegante tallo de metal y cuatro brazos con elegantes remates que sobresalen debajo de una pantalla redonda blanca. La altura ajustable y la iluminaci\u00f3n&hellip;<\/p>\n","protected":false},"featured_media":15719,"comment_status":"open","ping_status":"closed","template":"","meta":[],"product_cat":[163],"product_tag":[],"class_list":["post-15718","product","type-product","status-publish","has-post-thumbnail","hentry","product_cat-lamparas-de-techo","layout-style-1","col-md-4 col-sm-4 col-xs-6","product-has-gallery","product-style-default"],"_links":{"self":[{"href":"https:\/\/homedecor.bosc.co\/store\/wp-json\/wp\/v2\/product\/15718","targetHints":{"allow":["GET"]}}],"collection":[{"href":"https:\/\/homedecor.bosc.co\/store\/wp-json\/wp\/v2\/product"}],"about":[{"href":"https:\/\/homedecor.bosc.co\/store\/wp-json\/wp\/v2\/types\/product"}],"replies":[{"embeddable":true,"href":"https:\/\/homedecor.bosc.co\/store\/wp-json\/wp\/v2\/comments?post=15718"}],"wp:featuredmedia":[{"embeddable":true,"href":"https:\/\/homedecor.bosc.co\/store\/wp-json\/wp\/v2\/media\/15719"}],"wp:attachment":[{"href":"https:\/\/homedecor.bosc.co\/store\/wp-json\/wp\/v2\/media?parent=15718"}],"wp:term":[{"taxonomy":"product_cat","embeddable":true,"href":"https:\/\/homedecor.bosc.co\/store\/wp-json\/wp\/v2\/product_cat?post=15718"},{"taxonomy":"product_tag","embeddable":true,"href":"https:\/\/homedecor.bosc.co\/store\/wp-json\/wp\/v2\/product_tag?post=15718"}],"curies":[{"name":"wp","href":"https:\/\/api.w.org\/{rel}","templated":true}]}}