{"id":15712,"date":"2021-09-09T11:33:51","date_gmt":"2021-09-09T16:33:51","guid":{"rendered":"https:\/\/homedecor.bosc.co\/store\/?post_type=product&#038;p=15712"},"modified":"2021-09-09T11:33:51","modified_gmt":"2021-09-09T16:33:51","slug":"lampara-mulhouse","status":"publish","type":"product","link":"https:\/\/homedecor.bosc.co\/store\/producto\/lampara-mulhouse\/","title":{"rendered":"L\u00e1mpara Mulhouse"},"content":{"rendered":"<p>Nuestra l\u00e1mpara de ara\u00f1a de 6 luces fue inspirada en las ic\u00f3nicas l\u00e1mparas de ara\u00f1a Sputnik de los a\u00f1os 60. Mientras que los candelabros originales ten\u00edan brazos fijos, nuestra interpretaci\u00f3n cuenta con brazos de lat\u00f3n macizo ajustables que se pueden colocar para crear una variedad de dise\u00f1os.<\/p>\n<p>Construida con acabado de lat\u00f3n y brazos giratorios, esta l\u00e1mpara de ara\u00f1a a\u00f1ade un mayor sabor de estilo industrial vintage entre otros.<\/p>\n<p>Esta l\u00e1mpara de ara\u00f1a Eurus Home es perfecta para una variedad de dise\u00f1os de interior del hogar, desde granja hasta espacios de vida modernos.<\/p>\n","protected":false},"excerpt":{"rendered":"<p>Nuestra l\u00e1mpara de ara\u00f1a de 6 luces fue inspirada en las ic\u00f3nicas l\u00e1mparas de ara\u00f1a Sputnik de los a\u00f1os 60. Mientras que los candelabros originales ten\u00edan brazos fijos, nuestra interpretaci\u00f3n&hellip;<\/p>\n","protected":false},"featured_media":15713,"comment_status":"open","ping_status":"closed","template":"","meta":[],"product_cat":[163],"product_tag":[],"class_list":["post-15712","product","type-product","status-publish","has-post-thumbnail","hentry","product_cat-lamparas-de-techo","layout-style-1","col-md-4 col-sm-4 col-xs-6","product-has-gallery","product-style-default"],"_links":{"self":[{"href":"https:\/\/homedecor.bosc.co\/store\/wp-json\/wp\/v2\/product\/15712","targetHints":{"allow":["GET"]}}],"collection":[{"href":"https:\/\/homedecor.bosc.co\/store\/wp-json\/wp\/v2\/product"}],"about":[{"href":"https:\/\/homedecor.bosc.co\/store\/wp-json\/wp\/v2\/types\/product"}],"replies":[{"embeddable":true,"href":"https:\/\/homedecor.bosc.co\/store\/wp-json\/wp\/v2\/comments?post=15712"}],"wp:featuredmedia":[{"embeddable":true,"href":"https:\/\/homedecor.bosc.co\/store\/wp-json\/wp\/v2\/media\/15713"}],"wp:attachment":[{"href":"https:\/\/homedecor.bosc.co\/store\/wp-json\/wp\/v2\/media?parent=15712"}],"wp:term":[{"taxonomy":"product_cat","embeddable":true,"href":"https:\/\/homedecor.bosc.co\/store\/wp-json\/wp\/v2\/product_cat?post=15712"},{"taxonomy":"product_tag","embeddable":true,"href":"https:\/\/homedecor.bosc.co\/store\/wp-json\/wp\/v2\/product_tag?post=15712"}],"curies":[{"name":"wp","href":"https:\/\/api.w.org\/{rel}","templated":true}]}}