{"id":15706,"date":"2021-09-09T11:24:14","date_gmt":"2021-09-09T16:24:14","guid":{"rendered":"https:\/\/homedecor.bosc.co\/store\/?post_type=product&#038;p=15706"},"modified":"2021-09-09T11:24:15","modified_gmt":"2021-09-09T16:24:15","slug":"lampara-paris","status":"publish","type":"product","link":"https:\/\/homedecor.bosc.co\/store\/producto\/lampara-paris\/","title":{"rendered":"L\u00e1mpara Par\u00eds"},"content":{"rendered":"<p>Barras cruzadas con acabado cromado puntuado con dos pantallas de cristal de diferentes tama\u00f1os, esta l\u00e1mpara de ara\u00f1a de 6 luces mejorar\u00e1 el estilo sputnik de esta luz colgante llamativa, de aspecto n\u00edtido y hermoso. | Tama\u00f1os del globo de cristal: tres 5.9&#8243;, tres 7.09&#8243;.<\/p>\n<p>Esta l\u00e1mpara de ara\u00f1a cromada viene con un adaptador de techo inclinado y 2 varillas de extensi\u00f3n (7.9 in), ya sea que utilices una barra de extensi\u00f3n o cuerda para colgarla, es compatible con techos inclinados o techos paralelos. Puedes ajustar la altura de colgar seg\u00fan tu pedido.<\/p>\n","protected":false},"excerpt":{"rendered":"<p>Barras cruzadas con acabado cromado puntuado con dos pantallas de cristal de diferentes tama\u00f1os, esta l\u00e1mpara de ara\u00f1a de 6 luces mejorar\u00e1 el estilo sputnik de esta luz colgante llamativa,&hellip;<\/p>\n","protected":false},"featured_media":15707,"comment_status":"open","ping_status":"closed","template":"","meta":[],"product_cat":[163],"product_tag":[],"class_list":["post-15706","product","type-product","status-publish","has-post-thumbnail","hentry","product_cat-lamparas-de-techo","layout-style-1","col-md-4 col-sm-4 col-xs-6","product-has-gallery","product-style-default"],"_links":{"self":[{"href":"https:\/\/homedecor.bosc.co\/store\/wp-json\/wp\/v2\/product\/15706","targetHints":{"allow":["GET"]}}],"collection":[{"href":"https:\/\/homedecor.bosc.co\/store\/wp-json\/wp\/v2\/product"}],"about":[{"href":"https:\/\/homedecor.bosc.co\/store\/wp-json\/wp\/v2\/types\/product"}],"replies":[{"embeddable":true,"href":"https:\/\/homedecor.bosc.co\/store\/wp-json\/wp\/v2\/comments?post=15706"}],"wp:featuredmedia":[{"embeddable":true,"href":"https:\/\/homedecor.bosc.co\/store\/wp-json\/wp\/v2\/media\/15707"}],"wp:attachment":[{"href":"https:\/\/homedecor.bosc.co\/store\/wp-json\/wp\/v2\/media?parent=15706"}],"wp:term":[{"taxonomy":"product_cat","embeddable":true,"href":"https:\/\/homedecor.bosc.co\/store\/wp-json\/wp\/v2\/product_cat?post=15706"},{"taxonomy":"product_tag","embeddable":true,"href":"https:\/\/homedecor.bosc.co\/store\/wp-json\/wp\/v2\/product_tag?post=15706"}],"curies":[{"name":"wp","href":"https:\/\/api.w.org\/{rel}","templated":true}]}}