{"id":15700,"date":"2021-09-09T11:15:26","date_gmt":"2021-09-09T16:15:26","guid":{"rendered":"https:\/\/homedecor.bosc.co\/store\/?post_type=product&#038;p=15700"},"modified":"2021-09-09T11:15:26","modified_gmt":"2021-09-09T16:15:26","slug":"lampara-poitiers","status":"publish","type":"product","link":"https:\/\/homedecor.bosc.co\/store\/producto\/lampara-poitiers\/","title":{"rendered":"L\u00e1mpara Poitiers"},"content":{"rendered":"<p>Dise\u00f1o moderno brazos ajustables: te permite personalizar tus necesidades de iluminaci\u00f3n y el aspecto deseado de la l\u00e1mpara lineal en cualquier momento girando las abrazaderas para ajustar los brazos.<\/p>\n<p>Puedes elegir entre cable o barra de extensi\u00f3n para colgar el accesorio de acuerdo con el estilo de decoraci\u00f3n de tu hogar. Ideal para comedor, sala de estar, dormitorio, cocina.<\/p>\n<p>L\u00e1mpara colgante compatible con techos inclinados cuando se cuelga con cable de alambre, puedes ajustar la altura de colgar seg\u00fan tu pedido, y viene con una barra de extensi\u00f3n (10.0 in)<\/p>\n","protected":false},"excerpt":{"rendered":"<p>Dise\u00f1o moderno brazos ajustables: te permite personalizar tus necesidades de iluminaci\u00f3n y el aspecto deseado de la l\u00e1mpara lineal en cualquier momento girando las abrazaderas para ajustar los brazos. Puedes&hellip;<\/p>\n","protected":false},"featured_media":15701,"comment_status":"open","ping_status":"closed","template":"","meta":[],"product_cat":[163],"product_tag":[],"class_list":["post-15700","product","type-product","status-publish","has-post-thumbnail","hentry","product_cat-lamparas-de-techo","layout-style-1","col-md-4 col-sm-4 col-xs-6","product-has-gallery","product-style-default"],"_links":{"self":[{"href":"https:\/\/homedecor.bosc.co\/store\/wp-json\/wp\/v2\/product\/15700","targetHints":{"allow":["GET"]}}],"collection":[{"href":"https:\/\/homedecor.bosc.co\/store\/wp-json\/wp\/v2\/product"}],"about":[{"href":"https:\/\/homedecor.bosc.co\/store\/wp-json\/wp\/v2\/types\/product"}],"replies":[{"embeddable":true,"href":"https:\/\/homedecor.bosc.co\/store\/wp-json\/wp\/v2\/comments?post=15700"}],"wp:featuredmedia":[{"embeddable":true,"href":"https:\/\/homedecor.bosc.co\/store\/wp-json\/wp\/v2\/media\/15701"}],"wp:attachment":[{"href":"https:\/\/homedecor.bosc.co\/store\/wp-json\/wp\/v2\/media?parent=15700"}],"wp:term":[{"taxonomy":"product_cat","embeddable":true,"href":"https:\/\/homedecor.bosc.co\/store\/wp-json\/wp\/v2\/product_cat?post=15700"},{"taxonomy":"product_tag","embeddable":true,"href":"https:\/\/homedecor.bosc.co\/store\/wp-json\/wp\/v2\/product_tag?post=15700"}],"curies":[{"name":"wp","href":"https:\/\/api.w.org\/{rel}","templated":true}]}}