{"id":15682,"date":"2021-09-09T10:47:40","date_gmt":"2021-09-09T15:47:40","guid":{"rendered":"https:\/\/homedecor.bosc.co\/store\/?post_type=product&#038;p=15682"},"modified":"2021-09-09T10:47:40","modified_gmt":"2021-09-09T15:47:40","slug":"lampara-narbona","status":"publish","type":"product","link":"https:\/\/homedecor.bosc.co\/store\/producto\/lampara-narbona\/","title":{"rendered":"L\u00e1mpara Narbona"},"content":{"rendered":"<p>Base de acabado dorado satinado brillante con dise\u00f1o de l\u00edneas limpias y pantalla de tela blanca TC de estilo simplista que crear\u00e1 un ambiente c\u00e1lido y acogedor para tu habitaci\u00f3n.<\/p>\n<p><span class=\"a-list-item\">Tama\u00f1o de la l\u00e1mpara: di\u00e1metro de 7.1\u00a0in y altura de 15.4\u00a0in. Por favor, ten en cuenta el tama\u00f1o antes de comprar.<\/span><\/p>\n<p><span class=\"a-list-item\">F\u00e1cil de usar: un bot\u00f3n de encendido\/apagado en el cable de alimentaci\u00f3n es muy c\u00f3modo de usar, tambi\u00e9n la l\u00e1mpara de mesa es f\u00e1cil de instalar y f\u00e1cil de mover, ideal para dormitorio, sala de estar, sala de estudio, cuarto de beb\u00e9, oficina, etc.<\/span><\/p>\n","protected":false},"excerpt":{"rendered":"<p>Base de acabado dorado satinado brillante con dise\u00f1o de l\u00edneas limpias y pantalla de tela blanca TC de estilo simplista que crear\u00e1 un ambiente c\u00e1lido y acogedor para tu habitaci\u00f3n.&hellip;<\/p>\n","protected":false},"featured_media":15683,"comment_status":"open","ping_status":"closed","template":"","meta":[],"product_cat":[162],"product_tag":[],"class_list":["post-15682","product","type-product","status-publish","has-post-thumbnail","hentry","product_cat-lamparas","layout-style-1","col-md-4 col-sm-4 col-xs-6","product-has-gallery","product-style-default"],"_links":{"self":[{"href":"https:\/\/homedecor.bosc.co\/store\/wp-json\/wp\/v2\/product\/15682","targetHints":{"allow":["GET"]}}],"collection":[{"href":"https:\/\/homedecor.bosc.co\/store\/wp-json\/wp\/v2\/product"}],"about":[{"href":"https:\/\/homedecor.bosc.co\/store\/wp-json\/wp\/v2\/types\/product"}],"replies":[{"embeddable":true,"href":"https:\/\/homedecor.bosc.co\/store\/wp-json\/wp\/v2\/comments?post=15682"}],"wp:featuredmedia":[{"embeddable":true,"href":"https:\/\/homedecor.bosc.co\/store\/wp-json\/wp\/v2\/media\/15683"}],"wp:attachment":[{"href":"https:\/\/homedecor.bosc.co\/store\/wp-json\/wp\/v2\/media?parent=15682"}],"wp:term":[{"taxonomy":"product_cat","embeddable":true,"href":"https:\/\/homedecor.bosc.co\/store\/wp-json\/wp\/v2\/product_cat?post=15682"},{"taxonomy":"product_tag","embeddable":true,"href":"https:\/\/homedecor.bosc.co\/store\/wp-json\/wp\/v2\/product_tag?post=15682"}],"curies":[{"name":"wp","href":"https:\/\/api.w.org\/{rel}","templated":true}]}}