{"id":15655,"date":"2021-09-09T10:20:21","date_gmt":"2021-09-09T15:20:21","guid":{"rendered":"https:\/\/homedecor.bosc.co\/store\/?post_type=product&#038;p=15655"},"modified":"2021-09-13T14:13:33","modified_gmt":"2021-09-13T19:13:33","slug":"lampara-estrasburgo","status":"publish","type":"product","link":"https:\/\/homedecor.bosc.co\/store\/producto\/lampara-estrasburgo\/","title":{"rendered":"L\u00e1mpara Estrasburgo X2"},"content":{"rendered":"<p>Las l\u00e1mparas de mesa Estrasburgo son un cl\u00e1sico moderno, acabado con detalles de alta gama como nuestra pantalla de l\u00e1mpara, f\u00e1cil interruptor de 1 v\u00eda y elegante LED blanco suave. Dise\u00f1ado para iluminar tu hogar con luz c\u00e1lida, esta l\u00e1mpara es una adici\u00f3n elegante a cualquier sala de estar, comedor, dormitorio, entrada u oficina. Hemos incluido bombillas LED que utilizan un 90% menos de energ\u00eda que las incandescentes, y nuestras l\u00e1mparas tambi\u00e9n se ajustan a bombillas est\u00e1ndar. Nuestra iluminaci\u00f3n es ETL y cumple con las normas UL de 120 voltios para seguridad y calidad.<\/p>\n","protected":false},"excerpt":{"rendered":"<p>Las l\u00e1mparas de mesa Estrasburgo son un cl\u00e1sico moderno, acabado con detalles de alta gama como nuestra pantalla de l\u00e1mpara, f\u00e1cil interruptor de 1 v\u00eda y elegante LED blanco suave.&hellip;<\/p>\n","protected":false},"featured_media":15656,"comment_status":"open","ping_status":"closed","template":"","meta":[],"product_cat":[162],"product_tag":[],"class_list":["post-15655","product","type-product","status-publish","has-post-thumbnail","hentry","product_cat-lamparas","layout-style-1","col-md-4 col-sm-4 col-xs-6","product-has-gallery","product-style-default"],"_links":{"self":[{"href":"https:\/\/homedecor.bosc.co\/store\/wp-json\/wp\/v2\/product\/15655","targetHints":{"allow":["GET"]}}],"collection":[{"href":"https:\/\/homedecor.bosc.co\/store\/wp-json\/wp\/v2\/product"}],"about":[{"href":"https:\/\/homedecor.bosc.co\/store\/wp-json\/wp\/v2\/types\/product"}],"replies":[{"embeddable":true,"href":"https:\/\/homedecor.bosc.co\/store\/wp-json\/wp\/v2\/comments?post=15655"}],"wp:featuredmedia":[{"embeddable":true,"href":"https:\/\/homedecor.bosc.co\/store\/wp-json\/wp\/v2\/media\/15656"}],"wp:attachment":[{"href":"https:\/\/homedecor.bosc.co\/store\/wp-json\/wp\/v2\/media?parent=15655"}],"wp:term":[{"taxonomy":"product_cat","embeddable":true,"href":"https:\/\/homedecor.bosc.co\/store\/wp-json\/wp\/v2\/product_cat?post=15655"},{"taxonomy":"product_tag","embeddable":true,"href":"https:\/\/homedecor.bosc.co\/store\/wp-json\/wp\/v2\/product_tag?post=15655"}],"curies":[{"name":"wp","href":"https:\/\/api.w.org\/{rel}","templated":true}]}}