{"id":15642,"date":"2021-09-08T12:59:26","date_gmt":"2021-09-08T17:59:26","guid":{"rendered":"https:\/\/homedecor.bosc.co\/store\/?post_type=product&#038;p=15642"},"modified":"2021-09-08T12:59:26","modified_gmt":"2021-09-08T17:59:26","slug":"lampara-le-mans","status":"publish","type":"product","link":"https:\/\/homedecor.bosc.co\/store\/producto\/lampara-le-mans\/","title":{"rendered":"L\u00e1mpara Le mans"},"content":{"rendered":"<p>Juego de 2 l\u00e1mparas de mesa modernas: con un aspecto elegante y elegante, esta moderna l\u00e1mpara de mesa dise\u00f1ada con una pantalla minimalista y un acabado de acero cepillado con acentos, a\u00f1ade un toque de elegancia y modernizaci\u00f3n a tu hogar u oficina, funciona bien con una variedad de estilos interiores como estilos urbanos, contempor\u00e1neos, mediados de siglo, minimalistas. Una de las l\u00e1mparas m\u00e1s vers\u00e1tiles que quedar\u00e1 genial en una mesa auxiliar o escritorio.<\/p>\n<p>La l\u00e1mpara de mesa moderna emite una luz c\u00e1lida y hermosa que crear\u00e1 un espacio acogedor, c\u00f3modo y bien iluminado. La elegante pantalla de cono blanco se abre en la parte superior e inferior, lo que difunde la luz y da a cualquier habitaci\u00f3n una iluminaci\u00f3n fundamental con un resplandor ambiente tranquilo. Los tonos c\u00e1lidos de esta pantalla le permiten combinar f\u00e1cilmente y coordinar con cualquier decoraci\u00f3n de tu dormitorio, sala de estar, estudio, u oficina.<\/p>\n","protected":false},"excerpt":{"rendered":"<p>Juego de 2 l\u00e1mparas de mesa modernas: con un aspecto elegante y elegante, esta moderna l\u00e1mpara de mesa dise\u00f1ada con una pantalla minimalista y un acabado de acero cepillado con&hellip;<\/p>\n","protected":false},"featured_media":15643,"comment_status":"open","ping_status":"closed","template":"","meta":[],"product_cat":[162],"product_tag":[],"class_list":["post-15642","product","type-product","status-publish","has-post-thumbnail","hentry","product_cat-lamparas","layout-style-1","col-md-4 col-sm-4 col-xs-6","product-has-gallery","product-style-default"],"_links":{"self":[{"href":"https:\/\/homedecor.bosc.co\/store\/wp-json\/wp\/v2\/product\/15642","targetHints":{"allow":["GET"]}}],"collection":[{"href":"https:\/\/homedecor.bosc.co\/store\/wp-json\/wp\/v2\/product"}],"about":[{"href":"https:\/\/homedecor.bosc.co\/store\/wp-json\/wp\/v2\/types\/product"}],"replies":[{"embeddable":true,"href":"https:\/\/homedecor.bosc.co\/store\/wp-json\/wp\/v2\/comments?post=15642"}],"wp:featuredmedia":[{"embeddable":true,"href":"https:\/\/homedecor.bosc.co\/store\/wp-json\/wp\/v2\/media\/15643"}],"wp:attachment":[{"href":"https:\/\/homedecor.bosc.co\/store\/wp-json\/wp\/v2\/media?parent=15642"}],"wp:term":[{"taxonomy":"product_cat","embeddable":true,"href":"https:\/\/homedecor.bosc.co\/store\/wp-json\/wp\/v2\/product_cat?post=15642"},{"taxonomy":"product_tag","embeddable":true,"href":"https:\/\/homedecor.bosc.co\/store\/wp-json\/wp\/v2\/product_tag?post=15642"}],"curies":[{"name":"wp","href":"https:\/\/api.w.org\/{rel}","templated":true}]}}