{"id":15634,"date":"2021-09-08T12:09:18","date_gmt":"2021-09-08T17:09:18","guid":{"rendered":"https:\/\/homedecor.bosc.co\/store\/?post_type=product&#038;p=15634"},"modified":"2022-01-13T12:06:33","modified_gmt":"2022-01-13T17:06:33","slug":"lampara-versalles","status":"publish","type":"product","link":"https:\/\/homedecor.bosc.co\/store\/producto\/lampara-versalles\/","title":{"rendered":"L\u00e1mpara Versalles X2"},"content":{"rendered":"<p>Basado en el estilo moderno, estas l\u00e1mparas de mesita de noche est\u00e1n dise\u00f1adas especialmente con la forma de flor dorada que da elegancia y encanto. Con una base de m\u00e1rmol y tela de lino que promueve un contraste hermoso y minimalista. Es una decoraci\u00f3n perfecta en una hermosa casa moderna para crear un ambiente tranquilo y una iluminaci\u00f3n c\u00f3moda.<\/p>\n<p>La dimensi\u00f3n de la l\u00e1mpara es de 16.0 x 6.0 x 5.5 pulgadas, la peque\u00f1a base de m\u00e1rmol permite que la l\u00e1mpara se ajuste a mesas de cualquier tama\u00f1o. Estas l\u00e1mparas de mesa son compactas y ahorran espacio, son perfectas para sala de estar, dormitorio, habitaci\u00f3n de las ni\u00f1as, estudio, dormitorio universitario, bar, hotel, etc.<\/p>\n","protected":false},"excerpt":{"rendered":"<p>Basado en el estilo moderno, estas l\u00e1mparas de mesita de noche est\u00e1n dise\u00f1adas especialmente con la forma de flor dorada que da elegancia y encanto. Con una base de m\u00e1rmol&hellip;<\/p>\n","protected":false},"featured_media":15635,"comment_status":"open","ping_status":"closed","template":"","meta":[],"product_cat":[162],"product_tag":[],"class_list":["post-15634","product","type-product","status-publish","has-post-thumbnail","hentry","product_cat-lamparas","layout-style-1","col-md-4 col-sm-4 col-xs-6","product-has-gallery","product-style-default"],"_links":{"self":[{"href":"https:\/\/homedecor.bosc.co\/store\/wp-json\/wp\/v2\/product\/15634","targetHints":{"allow":["GET"]}}],"collection":[{"href":"https:\/\/homedecor.bosc.co\/store\/wp-json\/wp\/v2\/product"}],"about":[{"href":"https:\/\/homedecor.bosc.co\/store\/wp-json\/wp\/v2\/types\/product"}],"replies":[{"embeddable":true,"href":"https:\/\/homedecor.bosc.co\/store\/wp-json\/wp\/v2\/comments?post=15634"}],"wp:featuredmedia":[{"embeddable":true,"href":"https:\/\/homedecor.bosc.co\/store\/wp-json\/wp\/v2\/media\/15635"}],"wp:attachment":[{"href":"https:\/\/homedecor.bosc.co\/store\/wp-json\/wp\/v2\/media?parent=15634"}],"wp:term":[{"taxonomy":"product_cat","embeddable":true,"href":"https:\/\/homedecor.bosc.co\/store\/wp-json\/wp\/v2\/product_cat?post=15634"},{"taxonomy":"product_tag","embeddable":true,"href":"https:\/\/homedecor.bosc.co\/store\/wp-json\/wp\/v2\/product_tag?post=15634"}],"curies":[{"name":"wp","href":"https:\/\/api.w.org\/{rel}","templated":true}]}}