{"id":15619,"date":"2021-09-08T11:44:52","date_gmt":"2021-09-08T16:44:52","guid":{"rendered":"https:\/\/homedecor.bosc.co\/store\/?post_type=product&#038;p=15619"},"modified":"2021-09-08T11:44:53","modified_gmt":"2021-09-08T16:44:53","slug":"lampara-burdeos","status":"publish","type":"product","link":"https:\/\/homedecor.bosc.co\/store\/producto\/lampara-burdeos\/","title":{"rendered":"L\u00e1mpara Burdeos"},"content":{"rendered":"<p>Dise\u00f1o elegante, especial y exquisito en forma de l\u00e1mpara: la forma de l\u00e1mpara de vidrio transparente y puro crea una atm\u00f3sfera rom\u00e1ntica y c\u00f3moda para usted cuando emite la luz m\u00e1s suave.<\/p>\n<p>Esta l\u00e1mpara se ver\u00e1 maravillosa en su hogar: en la cocina, la sala de estar, el dormitorio, los restaurantes, la cafeter\u00eda, los bares, los clubes, las oficinas, las galer\u00edas, las salas de exposici\u00f3n y los pasillos. Crear\u00e1 una impresi\u00f3n duradera y completar\u00e1 su entorno donde quiera que decida usarlo.<\/p>\n","protected":false},"excerpt":{"rendered":"<p>Dise\u00f1o elegante, especial y exquisito en forma de l\u00e1mpara: la forma de l\u00e1mpara de vidrio transparente y puro crea una atm\u00f3sfera rom\u00e1ntica y c\u00f3moda para usted cuando emite la luz&hellip;<\/p>\n","protected":false},"featured_media":15620,"comment_status":"open","ping_status":"closed","template":"","meta":[],"product_cat":[163],"product_tag":[],"class_list":["post-15619","product","type-product","status-publish","has-post-thumbnail","hentry","product_cat-lamparas-de-techo","layout-style-1","col-md-4 col-sm-4 col-xs-6","product-has-gallery","product-style-default"],"_links":{"self":[{"href":"https:\/\/homedecor.bosc.co\/store\/wp-json\/wp\/v2\/product\/15619","targetHints":{"allow":["GET"]}}],"collection":[{"href":"https:\/\/homedecor.bosc.co\/store\/wp-json\/wp\/v2\/product"}],"about":[{"href":"https:\/\/homedecor.bosc.co\/store\/wp-json\/wp\/v2\/types\/product"}],"replies":[{"embeddable":true,"href":"https:\/\/homedecor.bosc.co\/store\/wp-json\/wp\/v2\/comments?post=15619"}],"wp:featuredmedia":[{"embeddable":true,"href":"https:\/\/homedecor.bosc.co\/store\/wp-json\/wp\/v2\/media\/15620"}],"wp:attachment":[{"href":"https:\/\/homedecor.bosc.co\/store\/wp-json\/wp\/v2\/media?parent=15619"}],"wp:term":[{"taxonomy":"product_cat","embeddable":true,"href":"https:\/\/homedecor.bosc.co\/store\/wp-json\/wp\/v2\/product_cat?post=15619"},{"taxonomy":"product_tag","embeddable":true,"href":"https:\/\/homedecor.bosc.co\/store\/wp-json\/wp\/v2\/product_tag?post=15619"}],"curies":[{"name":"wp","href":"https:\/\/api.w.org\/{rel}","templated":true}]}}