{"id":15612,"date":"2021-09-08T11:31:22","date_gmt":"2021-09-08T16:31:22","guid":{"rendered":"https:\/\/homedecor.bosc.co\/store\/?post_type=product&#038;p=15612"},"modified":"2021-09-08T11:31:22","modified_gmt":"2021-09-08T16:31:22","slug":"lampara-montpellier","status":"publish","type":"product","link":"https:\/\/homedecor.bosc.co\/store\/producto\/lampara-montpellier\/","title":{"rendered":"L\u00e1mpara Montpellier"},"content":{"rendered":"<p>Cuando la luz se extiende de los tonos de vidrio esmerilado, ser\u00e1 mucho m\u00e1s suave y no deslumbrante, creando un ambiente rom\u00e1ntico y acogedor. Esta l\u00e1mpara de techo semiempotrada definitivamente ser\u00e1 una gran adici\u00f3n a tu dormitorio, pasillo, vest\u00edbulo o sala de estar.<\/p>\n<p><span class=\"a-list-item\">Tama\u00f1o perfecto: la l\u00e1mpara moderna es de 23.6\u00a0in de ancho x 22.8\u00a0in de alto, el toldo es de 5.1\u00a0in y cada pantalla de cristal es de 5.5\u00a0in de di\u00e1metro, el peso total es de solo 5.3\u00a0lbs. Es el tama\u00f1o perfecto para tu habitaci\u00f3n.<\/span><\/p>\n<p>&nbsp;<\/p>\n","protected":false},"excerpt":{"rendered":"<p>Cuando la luz se extiende de los tonos de vidrio esmerilado, ser\u00e1 mucho m\u00e1s suave y no deslumbrante, creando un ambiente rom\u00e1ntico y acogedor. Esta l\u00e1mpara de techo semiempotrada definitivamente&hellip;<\/p>\n","protected":false},"featured_media":15613,"comment_status":"open","ping_status":"closed","template":"","meta":[],"product_cat":[163],"product_tag":[],"class_list":["post-15612","product","type-product","status-publish","has-post-thumbnail","hentry","product_cat-lamparas-de-techo","layout-style-1","col-md-4 col-sm-4 col-xs-6","product-has-gallery","product-style-default"],"_links":{"self":[{"href":"https:\/\/homedecor.bosc.co\/store\/wp-json\/wp\/v2\/product\/15612","targetHints":{"allow":["GET"]}}],"collection":[{"href":"https:\/\/homedecor.bosc.co\/store\/wp-json\/wp\/v2\/product"}],"about":[{"href":"https:\/\/homedecor.bosc.co\/store\/wp-json\/wp\/v2\/types\/product"}],"replies":[{"embeddable":true,"href":"https:\/\/homedecor.bosc.co\/store\/wp-json\/wp\/v2\/comments?post=15612"}],"wp:featuredmedia":[{"embeddable":true,"href":"https:\/\/homedecor.bosc.co\/store\/wp-json\/wp\/v2\/media\/15613"}],"wp:attachment":[{"href":"https:\/\/homedecor.bosc.co\/store\/wp-json\/wp\/v2\/media?parent=15612"}],"wp:term":[{"taxonomy":"product_cat","embeddable":true,"href":"https:\/\/homedecor.bosc.co\/store\/wp-json\/wp\/v2\/product_cat?post=15612"},{"taxonomy":"product_tag","embeddable":true,"href":"https:\/\/homedecor.bosc.co\/store\/wp-json\/wp\/v2\/product_tag?post=15612"}],"curies":[{"name":"wp","href":"https:\/\/api.w.org\/{rel}","templated":true}]}}