{"id":15600,"date":"2021-09-08T11:03:03","date_gmt":"2021-09-08T16:03:03","guid":{"rendered":"https:\/\/homedecor.bosc.co\/store\/?post_type=product&#038;p=15600"},"modified":"2021-09-08T11:03:03","modified_gmt":"2021-09-08T16:03:03","slug":"lampara-toulouse","status":"publish","type":"product","link":"https:\/\/homedecor.bosc.co\/store\/producto\/lampara-toulouse\/","title":{"rendered":"L\u00e1mpara Toulouse"},"content":{"rendered":"<p>En comparaci\u00f3n con las l\u00e1mparas de ara\u00f1a Sputnik comunes en el mercado, esta l\u00e1mpara de ara\u00f1a dorada es \u00fanica con un interruptor de cadena ajustable dorado. No es necesario presionar un interruptor el\u00e9ctrico de pared. Solo tira de la cadena opcionalmente, puedes encender\/apagar la luz f\u00e1cilmente.<\/p>\n<p>Esta moderna l\u00e1mpara se puede utilizar como una l\u00e1mpara de techo moderna y tambi\u00e9n puede ser una iluminaci\u00f3n moderna de ara\u00f1a. Barra de oro ajustable: 59.8\u00a0in m\u00e1x. (25 x 6 unidades). La l\u00e1mpara dorada es de 19.7\u00a0in de di\u00e1metro y 11.4\u00a0in de altura. Cuerda de tracci\u00f3n ajustable: 39.0\u00a0in m\u00e1x. Compatible con techos inclinados, inclinados y abovedados.<\/p>\n<p>La moderna l\u00e1mpara de ara\u00f1a se caracteriza por su bonito cuerpo en \u00e1ngulo, dorado y sus accesorios de luz de estilo vela alojados en elegantes orbes de cristal. La cubierta de cristal transparente hace que la iluminaci\u00f3n sea m\u00e1s transparente, protegiendo tus bombillas del polvo y el vapor de agua.<\/p>\n","protected":false},"excerpt":{"rendered":"<p>En comparaci\u00f3n con las l\u00e1mparas de ara\u00f1a Sputnik comunes en el mercado, esta l\u00e1mpara de ara\u00f1a dorada es \u00fanica con un interruptor de cadena ajustable dorado. No es necesario presionar&hellip;<\/p>\n","protected":false},"featured_media":15601,"comment_status":"open","ping_status":"closed","template":"","meta":[],"product_cat":[163],"product_tag":[],"class_list":["post-15600","product","type-product","status-publish","has-post-thumbnail","hentry","product_cat-lamparas-de-techo","layout-style-1","col-md-4 col-sm-4 col-xs-6","product-has-gallery","product-style-default"],"_links":{"self":[{"href":"https:\/\/homedecor.bosc.co\/store\/wp-json\/wp\/v2\/product\/15600","targetHints":{"allow":["GET"]}}],"collection":[{"href":"https:\/\/homedecor.bosc.co\/store\/wp-json\/wp\/v2\/product"}],"about":[{"href":"https:\/\/homedecor.bosc.co\/store\/wp-json\/wp\/v2\/types\/product"}],"replies":[{"embeddable":true,"href":"https:\/\/homedecor.bosc.co\/store\/wp-json\/wp\/v2\/comments?post=15600"}],"wp:featuredmedia":[{"embeddable":true,"href":"https:\/\/homedecor.bosc.co\/store\/wp-json\/wp\/v2\/media\/15601"}],"wp:attachment":[{"href":"https:\/\/homedecor.bosc.co\/store\/wp-json\/wp\/v2\/media?parent=15600"}],"wp:term":[{"taxonomy":"product_cat","embeddable":true,"href":"https:\/\/homedecor.bosc.co\/store\/wp-json\/wp\/v2\/product_cat?post=15600"},{"taxonomy":"product_tag","embeddable":true,"href":"https:\/\/homedecor.bosc.co\/store\/wp-json\/wp\/v2\/product_tag?post=15600"}],"curies":[{"name":"wp","href":"https:\/\/api.w.org\/{rel}","templated":true}]}}