{"id":15587,"date":"2021-09-08T10:27:37","date_gmt":"2021-09-08T15:27:37","guid":{"rendered":"https:\/\/homedecor.bosc.co\/store\/?post_type=product&#038;p=15587"},"modified":"2021-09-08T10:27:37","modified_gmt":"2021-09-08T15:27:37","slug":"globe-lampara-de-techo","status":"publish","type":"product","link":"https:\/\/homedecor.bosc.co\/store\/producto\/globe-lampara-de-techo\/","title":{"rendered":"Globe L\u00e1mpara de techo"},"content":{"rendered":"<p>Inspirada en la tendencia tradicional del glamour, esta l\u00e1mpara de techo de 2 luces tiene l\u00edneas simples limpias y un impresionante acabado dorado suave que a\u00f1ade un atractivo elegante a cualquier decoraci\u00f3n.<\/p>\n<p>Cristal helado: un halo de luz filtrada es creado por la pantalla de vidrio esmerilado y un impresionante corte central para iluminar perfectamente tu espacio.<\/p>\n<p>Requisitos de la bombilla: 2 bombillas E26\/base media de 60 W cada bombilla (se venden por separado).<\/p>\n<p>Automatiza tu luz colgante a\u00f1adiendo bombillas Globe Electric Smart \u2013 simplemente atornillarlas y crea diferentes soluciones de iluminaci\u00f3n con tu tel\u00e9fono \u2013 configura para que se encienda al anochecer, cambia el color para cada temporada, haz que sea blanco brillante para la ma\u00f1ana o blanco c\u00e1lido para la noche, las opciones son infinitas.<\/p>\n","protected":false},"excerpt":{"rendered":"<p>Inspirada en la tendencia tradicional del glamour, esta l\u00e1mpara de techo de 2 luces tiene l\u00edneas simples limpias y un impresionante acabado dorado suave que a\u00f1ade un atractivo elegante a&hellip;<\/p>\n","protected":false},"featured_media":15588,"comment_status":"open","ping_status":"closed","template":"","meta":[],"product_cat":[163],"product_tag":[],"class_list":["post-15587","product","type-product","status-publish","has-post-thumbnail","hentry","product_cat-lamparas-de-techo","layout-style-1","col-md-4 col-sm-4 col-xs-6","product-has-gallery","product-style-default"],"_links":{"self":[{"href":"https:\/\/homedecor.bosc.co\/store\/wp-json\/wp\/v2\/product\/15587","targetHints":{"allow":["GET"]}}],"collection":[{"href":"https:\/\/homedecor.bosc.co\/store\/wp-json\/wp\/v2\/product"}],"about":[{"href":"https:\/\/homedecor.bosc.co\/store\/wp-json\/wp\/v2\/types\/product"}],"replies":[{"embeddable":true,"href":"https:\/\/homedecor.bosc.co\/store\/wp-json\/wp\/v2\/comments?post=15587"}],"wp:featuredmedia":[{"embeddable":true,"href":"https:\/\/homedecor.bosc.co\/store\/wp-json\/wp\/v2\/media\/15588"}],"wp:attachment":[{"href":"https:\/\/homedecor.bosc.co\/store\/wp-json\/wp\/v2\/media?parent=15587"}],"wp:term":[{"taxonomy":"product_cat","embeddable":true,"href":"https:\/\/homedecor.bosc.co\/store\/wp-json\/wp\/v2\/product_cat?post=15587"},{"taxonomy":"product_tag","embeddable":true,"href":"https:\/\/homedecor.bosc.co\/store\/wp-json\/wp\/v2\/product_tag?post=15587"}],"curies":[{"name":"wp","href":"https:\/\/api.w.org\/{rel}","templated":true}]}}