{"id":15581,"date":"2021-09-07T21:44:35","date_gmt":"2021-09-08T02:44:35","guid":{"rendered":"https:\/\/homedecor.bosc.co\/store\/?post_type=product&#038;p=15581"},"modified":"2022-01-13T12:06:57","modified_gmt":"2022-01-13T17:06:57","slug":"lavelle-lampara-de-mesa-led-de-cristal-contemporanea","status":"publish","type":"product","link":"https:\/\/homedecor.bosc.co\/store\/producto\/lavelle-lampara-de-mesa-led-de-cristal-contemporanea\/","title":{"rendered":"L\u00e1mpara Amberes X2"},"content":{"rendered":"<p>Las l\u00e1mparas de mesa Lavelle Y son un cl\u00e1sico moderno, acabado con detalles de alta gama como nuestra pantalla de l\u00e1mpara, f\u00e1cil interruptor de 1 v\u00eda y elegante LED blanco suave. Dise\u00f1ado para iluminar tu hogar con luz c\u00e1lida, esta l\u00e1mpara es una adici\u00f3n elegante a cualquier sala de estar, comedor, dormitorio, entrada u oficina. Hemos incluido bombillas LED que utilizan un 90% menos de energ\u00eda que las incandescentes, y nuestras l\u00e1mparas tambi\u00e9n se ajustan a bombillas est\u00e1ndar. Nuestra iluminaci\u00f3n es ETL y cumple con las normas UL de 120 voltios para seguridad y calidad.<\/p>\n","protected":false},"excerpt":{"rendered":"<p>Las l\u00e1mparas de mesa Lavelle Y son un cl\u00e1sico moderno, acabado con detalles de alta gama como nuestra pantalla de l\u00e1mpara, f\u00e1cil interruptor de 1 v\u00eda y elegante LED blanco&hellip;<\/p>\n","protected":false},"featured_media":15582,"comment_status":"open","ping_status":"closed","template":"","meta":[],"product_cat":[162],"product_tag":[],"class_list":["post-15581","product","type-product","status-publish","has-post-thumbnail","hentry","product_cat-lamparas","layout-style-1","col-md-4 col-sm-4 col-xs-6","product-has-gallery","product-style-default"],"_links":{"self":[{"href":"https:\/\/homedecor.bosc.co\/store\/wp-json\/wp\/v2\/product\/15581","targetHints":{"allow":["GET"]}}],"collection":[{"href":"https:\/\/homedecor.bosc.co\/store\/wp-json\/wp\/v2\/product"}],"about":[{"href":"https:\/\/homedecor.bosc.co\/store\/wp-json\/wp\/v2\/types\/product"}],"replies":[{"embeddable":true,"href":"https:\/\/homedecor.bosc.co\/store\/wp-json\/wp\/v2\/comments?post=15581"}],"wp:featuredmedia":[{"embeddable":true,"href":"https:\/\/homedecor.bosc.co\/store\/wp-json\/wp\/v2\/media\/15582"}],"wp:attachment":[{"href":"https:\/\/homedecor.bosc.co\/store\/wp-json\/wp\/v2\/media?parent=15581"}],"wp:term":[{"taxonomy":"product_cat","embeddable":true,"href":"https:\/\/homedecor.bosc.co\/store\/wp-json\/wp\/v2\/product_cat?post=15581"},{"taxonomy":"product_tag","embeddable":true,"href":"https:\/\/homedecor.bosc.co\/store\/wp-json\/wp\/v2\/product_tag?post=15581"}],"curies":[{"name":"wp","href":"https:\/\/api.w.org\/{rel}","templated":true}]}}