{"id":15562,"date":"2021-09-07T15:50:09","date_gmt":"2021-09-07T20:50:09","guid":{"rendered":"https:\/\/homedecor.bosc.co\/store\/?post_type=product&#038;p=15562"},"modified":"2021-09-13T13:18:08","modified_gmt":"2021-09-13T18:18:08","slug":"funda-edredon-cagliari","status":"publish","type":"product","link":"https:\/\/homedecor.bosc.co\/store\/producto\/funda-edredon-cagliari\/","title":{"rendered":"Funda Edredon Cagliari (King\/Queen)"},"content":{"rendered":"<p>Siente la tela de algod\u00f3n lavado m\u00e1s suave en tus manos, puedes notar la tela que est\u00e1 arrugada. Debido a la mayor calidez, suavidad, excelente sensaci\u00f3n en la mano. No hay diferencia entre la parte delantera y la trasera del juego de fundas. Todo el juego de cama es de color blanco con tintes reactivos, ambos lados pueden mirar hacia arriba. Es la mejor opci\u00f3n para estudiantes, ni\u00f1os, hoteles y parejas.<\/p>\n<p>Nuestros juegos de funda de edred\u00f3n est\u00e1n hechos 100% de tela de microfibra de poli\u00e9ster y tres capas de fibra, que te hacen dormir profundamente toda la noche, incluso durmiendo desnudo pueden sentirse c\u00e1lidas y c\u00f3modas. La s\u00faper microfibra las hacen m\u00e1s suaves y transpirables debido a su estructura de fibra diferente y gran superficie espec\u00edfica con respecto a la fibra convencional. No se encoge ni se decolora f\u00e1cilmente.<\/p>\n<p>En lugar de la cremallera tradicional, nuestros dise\u00f1adores dise\u00f1aron una funda de edred\u00f3n con lazo m\u00e1s de moda y hermosa. La parte inferior de nuestra funda de edred\u00f3n tiene un sobre de tela para sujetar el edred\u00f3n. \u00bfTodav\u00eda te preocupa que el edred\u00f3n se enrosque por la noche? Hay peque\u00f1os lazos en la esquina para mantener el edred\u00f3n en su lugar, sin temor a resbalarse y volverse una bola.<\/p>\n<p><span class=\"a-list-item\">Lo que obtienes: funda de edred\u00f3n de color caqui. Tama\u00f1o individual: 1 funda de almohada de (20&#8243;x 26&#8243;) 51 x 66 cm, 1 funda de edred\u00f3n de (66&#8243;x 90&#8243;) 168 x 229 cm, color caqui. Tama\u00f1o Queen: 2 fundas de almohada (20&#8243;x 26&#8243;) 51 x 66 cm, 1 funda de edred\u00f3n (90&#8243;x 90&#8243;) 229 x 229 cm. Funda de edred\u00f3n caqui. Tama\u00f1o King: 2 fundas de almohada de (20&#8243;x 36&#8243;) 51 x 92 cm, 1 funda de edred\u00f3n de (104&#8243;x 90&#8243;) 264 x 229 cm.<\/span><\/p>\n","protected":false},"excerpt":{"rendered":"<p>Siente la tela de algod\u00f3n lavado m\u00e1s suave en tus manos, puedes notar la tela que est\u00e1 arrugada. Debido a la mayor calidez, suavidad, excelente sensaci\u00f3n en la mano. No&hellip;<\/p>\n","protected":false},"featured_media":15563,"comment_status":"open","ping_status":"closed","template":"","meta":[],"product_cat":[160],"product_tag":[],"class_list":["post-15562","product","type-product","status-publish","has-post-thumbnail","hentry","product_cat-ropa-de-cama","layout-style-1","col-md-4 col-sm-4 col-xs-6","product-has-gallery","product-style-default"],"_links":{"self":[{"href":"https:\/\/homedecor.bosc.co\/store\/wp-json\/wp\/v2\/product\/15562","targetHints":{"allow":["GET"]}}],"collection":[{"href":"https:\/\/homedecor.bosc.co\/store\/wp-json\/wp\/v2\/product"}],"about":[{"href":"https:\/\/homedecor.bosc.co\/store\/wp-json\/wp\/v2\/types\/product"}],"replies":[{"embeddable":true,"href":"https:\/\/homedecor.bosc.co\/store\/wp-json\/wp\/v2\/comments?post=15562"}],"wp:featuredmedia":[{"embeddable":true,"href":"https:\/\/homedecor.bosc.co\/store\/wp-json\/wp\/v2\/media\/15563"}],"wp:attachment":[{"href":"https:\/\/homedecor.bosc.co\/store\/wp-json\/wp\/v2\/media?parent=15562"}],"wp:term":[{"taxonomy":"product_cat","embeddable":true,"href":"https:\/\/homedecor.bosc.co\/store\/wp-json\/wp\/v2\/product_cat?post=15562"},{"taxonomy":"product_tag","embeddable":true,"href":"https:\/\/homedecor.bosc.co\/store\/wp-json\/wp\/v2\/product_tag?post=15562"}],"curies":[{"name":"wp","href":"https:\/\/api.w.org\/{rel}","templated":true}]}}