{"id":15547,"date":"2021-09-06T16:45:54","date_gmt":"2021-09-06T21:45:54","guid":{"rendered":"https:\/\/homedecor.bosc.co\/store\/?post_type=product&#038;p=15547"},"modified":"2021-09-13T13:16:17","modified_gmt":"2021-09-13T18:16:17","slug":"funda-edredon-ancona","status":"publish","type":"product","link":"https:\/\/homedecor.bosc.co\/store\/producto\/funda-edredon-ancona\/","title":{"rendered":"Funda Edredon Ancona (King)"},"content":{"rendered":"<p><span class=\"a-list-item\">Perfecta para familias con mascotas o ni\u00f1os. Las costuras Pinsonic no se desenredan y permiten muchos a\u00f1os de uso continuo. Microfibra cepillada y mano de obra de la m\u00e1s alta calidad para una comodidad duradera.<\/span><\/p>\n<p>Juego de colcha de 3 piezas para cama matrimonial o queen. Dos fundas de almohada (20 x 26\u00a0pulgadas) y una colcha (100 x 106\u00a0pulgadas). Cubre f\u00e1cilmente todos los lados y extremos de tu cama, \u00a1incluso con capas adicionales de acolchado! \u00a1Olv\u00eddate de los cubrecamas voluminosos! Esta cubrecama ligero te envuelve en una lujosa calidez para que duermas m\u00e1s tranquilo.<\/p>\n<p>resistente a decoloraci\u00f3n, manchas, encogimiento y arrugas. Lavable a m\u00e1quina con agua fr\u00eda. Se seca r\u00e1pidamente en secadora a baja temperatura. M\u00e1s durable que el algod\u00f3n.<\/p>\n","protected":false},"excerpt":{"rendered":"<p>Perfecta para familias con mascotas o ni\u00f1os. Las costuras Pinsonic no se desenredan y permiten muchos a\u00f1os de uso continuo. Microfibra cepillada y mano de obra de la m\u00e1s alta&hellip;<\/p>\n","protected":false},"featured_media":15549,"comment_status":"open","ping_status":"closed","template":"","meta":[],"product_cat":[160],"product_tag":[],"class_list":["post-15547","product","type-product","status-publish","has-post-thumbnail","hentry","product_cat-ropa-de-cama","layout-style-1","col-md-4 col-sm-4 col-xs-6","product-has-gallery","product-style-default"],"_links":{"self":[{"href":"https:\/\/homedecor.bosc.co\/store\/wp-json\/wp\/v2\/product\/15547","targetHints":{"allow":["GET"]}}],"collection":[{"href":"https:\/\/homedecor.bosc.co\/store\/wp-json\/wp\/v2\/product"}],"about":[{"href":"https:\/\/homedecor.bosc.co\/store\/wp-json\/wp\/v2\/types\/product"}],"replies":[{"embeddable":true,"href":"https:\/\/homedecor.bosc.co\/store\/wp-json\/wp\/v2\/comments?post=15547"}],"wp:featuredmedia":[{"embeddable":true,"href":"https:\/\/homedecor.bosc.co\/store\/wp-json\/wp\/v2\/media\/15549"}],"wp:attachment":[{"href":"https:\/\/homedecor.bosc.co\/store\/wp-json\/wp\/v2\/media?parent=15547"}],"wp:term":[{"taxonomy":"product_cat","embeddable":true,"href":"https:\/\/homedecor.bosc.co\/store\/wp-json\/wp\/v2\/product_cat?post=15547"},{"taxonomy":"product_tag","embeddable":true,"href":"https:\/\/homedecor.bosc.co\/store\/wp-json\/wp\/v2\/product_tag?post=15547"}],"curies":[{"name":"wp","href":"https:\/\/api.w.org\/{rel}","templated":true}]}}