{"id":15542,"date":"2021-09-06T16:38:28","date_gmt":"2021-09-06T21:38:28","guid":{"rendered":"https:\/\/homedecor.bosc.co\/store\/?post_type=product&#038;p=15542"},"modified":"2021-09-13T13:13:36","modified_gmt":"2021-09-13T18:13:36","slug":"funda-edredon-sorrento","status":"publish","type":"product","link":"https:\/\/homedecor.bosc.co\/store\/producto\/funda-edredon-sorrento\/","title":{"rendered":"Funda Edredon Sorrento (King)"},"content":{"rendered":"<p><span class=\"a-list-item\">Cubrecama extra ligera con estampado t\u00e9rmico inal\u00e1mbrico que elimina el problema de la pelusa. Su confecci\u00f3n elaborada est\u00e1 controlada por computadora para que no se rellene, se corra ni se salga.<\/span><\/p>\n<p><span class=\"a-list-item\">El relleno de microfibra est\u00e1 bien distribuido en divisiones peque\u00f1as y uniformes para generar una sensaci\u00f3n suave y c\u00f3moda.<\/span><\/p>\n<p><span class=\"a-list-item\">El juego completo de tama\u00f1o queen incluye 1 colcha extra grande de 100 x 106 pulgadas y 2 fundas de almohada de 20 x 26 pulgadas. El juego de tama\u00f1o King incluye 1 colcha king extra grande de 118 x 106 pulgadas y 2 fundas de almohada de 20 x 36 pulgadas.<\/span><\/p>\n","protected":false},"excerpt":{"rendered":"<p>Cubrecama extra ligera con estampado t\u00e9rmico inal\u00e1mbrico que elimina el problema de la pelusa. Su confecci\u00f3n elaborada est\u00e1 controlada por computadora para que no se rellene, se corra ni se&hellip;<\/p>\n","protected":false},"featured_media":15543,"comment_status":"open","ping_status":"closed","template":"","meta":[],"product_cat":[160],"product_tag":[],"class_list":["post-15542","product","type-product","status-publish","has-post-thumbnail","hentry","product_cat-ropa-de-cama","layout-style-1","col-md-4 col-sm-4 col-xs-6","product-has-gallery","product-style-default"],"_links":{"self":[{"href":"https:\/\/homedecor.bosc.co\/store\/wp-json\/wp\/v2\/product\/15542","targetHints":{"allow":["GET"]}}],"collection":[{"href":"https:\/\/homedecor.bosc.co\/store\/wp-json\/wp\/v2\/product"}],"about":[{"href":"https:\/\/homedecor.bosc.co\/store\/wp-json\/wp\/v2\/types\/product"}],"replies":[{"embeddable":true,"href":"https:\/\/homedecor.bosc.co\/store\/wp-json\/wp\/v2\/comments?post=15542"}],"wp:featuredmedia":[{"embeddable":true,"href":"https:\/\/homedecor.bosc.co\/store\/wp-json\/wp\/v2\/media\/15543"}],"wp:attachment":[{"href":"https:\/\/homedecor.bosc.co\/store\/wp-json\/wp\/v2\/media?parent=15542"}],"wp:term":[{"taxonomy":"product_cat","embeddable":true,"href":"https:\/\/homedecor.bosc.co\/store\/wp-json\/wp\/v2\/product_cat?post=15542"},{"taxonomy":"product_tag","embeddable":true,"href":"https:\/\/homedecor.bosc.co\/store\/wp-json\/wp\/v2\/product_tag?post=15542"}],"curies":[{"name":"wp","href":"https:\/\/api.w.org\/{rel}","templated":true}]}}