{"id":15525,"date":"2021-09-06T16:08:37","date_gmt":"2021-09-06T21:08:37","guid":{"rendered":"https:\/\/homedecor.bosc.co\/store\/?post_type=product&#038;p=15525"},"modified":"2021-09-13T13:11:24","modified_gmt":"2021-09-13T18:11:24","slug":"funda-edredon-napoles","status":"publish","type":"product","link":"https:\/\/homedecor.bosc.co\/store\/producto\/funda-edredon-napoles\/","title":{"rendered":"Funda Edredon Napoles (King)"},"content":{"rendered":"<p>patr\u00f3n floral bohemio con bordado cosido real, patr\u00f3n de cachemira floral bohemio que se muestra en la parte delantera de toda la colcha y lo suficientemente ligero para finales de primavera o verano.<\/p>\n<p>Incluye: 1 edred\u00f3n (93.7 x 105.9\u00a0in) y 2 fundas de almohada (19.7 x 35.8\u00a0in)<\/p>\n<p><span class=\"a-list-item\">Instrucciones de cuidado: lavar a m\u00e1quina por separado en agua fr\u00eda. Secar en secadora a baja temperatura. No usar lej\u00eda<\/span><\/p>\n","protected":false},"excerpt":{"rendered":"<p>patr\u00f3n floral bohemio con bordado cosido real, patr\u00f3n de cachemira floral bohemio que se muestra en la parte delantera de toda la colcha y lo suficientemente ligero para finales de&hellip;<\/p>\n","protected":false},"featured_media":15526,"comment_status":"open","ping_status":"closed","template":"","meta":[],"product_cat":[160],"product_tag":[],"class_list":["post-15525","product","type-product","status-publish","has-post-thumbnail","hentry","product_cat-ropa-de-cama","layout-style-1","col-md-4 col-sm-4 col-xs-6","product-has-gallery","product-style-default"],"_links":{"self":[{"href":"https:\/\/homedecor.bosc.co\/store\/wp-json\/wp\/v2\/product\/15525","targetHints":{"allow":["GET"]}}],"collection":[{"href":"https:\/\/homedecor.bosc.co\/store\/wp-json\/wp\/v2\/product"}],"about":[{"href":"https:\/\/homedecor.bosc.co\/store\/wp-json\/wp\/v2\/types\/product"}],"replies":[{"embeddable":true,"href":"https:\/\/homedecor.bosc.co\/store\/wp-json\/wp\/v2\/comments?post=15525"}],"wp:featuredmedia":[{"embeddable":true,"href":"https:\/\/homedecor.bosc.co\/store\/wp-json\/wp\/v2\/media\/15526"}],"wp:attachment":[{"href":"https:\/\/homedecor.bosc.co\/store\/wp-json\/wp\/v2\/media?parent=15525"}],"wp:term":[{"taxonomy":"product_cat","embeddable":true,"href":"https:\/\/homedecor.bosc.co\/store\/wp-json\/wp\/v2\/product_cat?post=15525"},{"taxonomy":"product_tag","embeddable":true,"href":"https:\/\/homedecor.bosc.co\/store\/wp-json\/wp\/v2\/product_tag?post=15525"}],"curies":[{"name":"wp","href":"https:\/\/api.w.org\/{rel}","templated":true}]}}