{"id":15516,"date":"2021-09-06T16:00:18","date_gmt":"2021-09-06T21:00:18","guid":{"rendered":"https:\/\/homedecor.bosc.co\/store\/?post_type=product&#038;p=15516"},"modified":"2021-09-13T13:05:52","modified_gmt":"2021-09-13T18:05:52","slug":"funda-edredon-milan","status":"publish","type":"product","link":"https:\/\/homedecor.bosc.co\/store\/producto\/funda-edredon-milan\/","title":{"rendered":"Funda Edredon Milan (King)"},"content":{"rendered":"<p>Esta funda de edred\u00f3n gris cuenta con un patr\u00f3n de estampado de cuadr\u00edcula geom\u00e9trica, dise\u00f1o moderno reversible. Juego de funda de edred\u00f3n para decoraci\u00f3n del hogar. C\u00f3modo cierre oculto y 4 amarras de esquina para mantener el inserto en su lugar.<\/p>\n<p><span class=\"a-list-item\">Juego de ropa de cama de 3 piezas tama\u00f1o queen: Funda de edred\u00f3n tama\u00f1o grande o queen de 90 x 90\u00a0pulgadas con 2 fundas de almohada est\u00e1ndar de 20 x 26\u00a0pulgadas. No incluye edred\u00f3n ni s\u00e1bana.<\/span><\/p>\n<p><span class=\"a-list-item\">Instrucciones de cuidado: Lavar a m\u00e1quina en agua fr\u00eda por separado. No usar blanqueador. Secar en secadora. No lavar en seco.<\/span><\/p>\n","protected":false},"excerpt":{"rendered":"<p>Esta funda de edred\u00f3n gris cuenta con un patr\u00f3n de estampado de cuadr\u00edcula geom\u00e9trica, dise\u00f1o moderno reversible. Juego de funda de edred\u00f3n para decoraci\u00f3n del hogar. C\u00f3modo cierre oculto y&hellip;<\/p>\n","protected":false},"featured_media":15517,"comment_status":"open","ping_status":"closed","template":"","meta":[],"product_cat":[160],"product_tag":[],"class_list":["post-15516","product","type-product","status-publish","has-post-thumbnail","hentry","product_cat-ropa-de-cama","layout-style-1","col-md-4 col-sm-4 col-xs-6","product-has-gallery","product-style-default"],"_links":{"self":[{"href":"https:\/\/homedecor.bosc.co\/store\/wp-json\/wp\/v2\/product\/15516","targetHints":{"allow":["GET"]}}],"collection":[{"href":"https:\/\/homedecor.bosc.co\/store\/wp-json\/wp\/v2\/product"}],"about":[{"href":"https:\/\/homedecor.bosc.co\/store\/wp-json\/wp\/v2\/types\/product"}],"replies":[{"embeddable":true,"href":"https:\/\/homedecor.bosc.co\/store\/wp-json\/wp\/v2\/comments?post=15516"}],"wp:featuredmedia":[{"embeddable":true,"href":"https:\/\/homedecor.bosc.co\/store\/wp-json\/wp\/v2\/media\/15517"}],"wp:attachment":[{"href":"https:\/\/homedecor.bosc.co\/store\/wp-json\/wp\/v2\/media?parent=15516"}],"wp:term":[{"taxonomy":"product_cat","embeddable":true,"href":"https:\/\/homedecor.bosc.co\/store\/wp-json\/wp\/v2\/product_cat?post=15516"},{"taxonomy":"product_tag","embeddable":true,"href":"https:\/\/homedecor.bosc.co\/store\/wp-json\/wp\/v2\/product_tag?post=15516"}],"curies":[{"name":"wp","href":"https:\/\/api.w.org\/{rel}","templated":true}]}}