{"id":15509,"date":"2021-09-06T13:40:54","date_gmt":"2021-09-06T18:40:54","guid":{"rendered":"https:\/\/homedecor.bosc.co\/store\/?post_type=product&#038;p=15509"},"modified":"2021-09-13T13:05:14","modified_gmt":"2021-09-13T18:05:14","slug":"funda-edredon-genova","status":"publish","type":"product","link":"https:\/\/homedecor.bosc.co\/store\/producto\/funda-edredon-genova\/","title":{"rendered":"Funda Edredon Genova (King)"},"content":{"rendered":"<p>El juego de funda n\u00f3rdica reversible impreso Genova cuenta con un lujoso patr\u00f3n floral con un dise\u00f1o de borde bordado. Estampado de flores y hojas de color caqui en el lado de fondo gris azulado de la funda n\u00f3rdica y las otras caracter\u00edsticas de color beige con un ligero estampado de lunares. El patr\u00f3n cl\u00e1sico cl\u00e1sico floral impreso es lujoso y muestra el gusto de la vida de alta calidad. Hay un borde bordado beige de 1.5 in de ancho en los 4 lados de las fundas de almohada (no en la funda de edred\u00f3n).<\/p>\n<p>Con la fuerte resistencia y durabilidad, nuestra funda de edred\u00f3n es resistente al encogimiento, la decoloraci\u00f3n o el desgarro, lo suficientemente resistente como para soportar frecuentes ciclos de lavado y secadora. Lavable a m\u00e1quina, y se vuelve m\u00e1s suave despu\u00e9s de cada lavado.<\/p>\n<p>Incluye: el juego de 3 piezas incluye una funda de edred\u00f3n y dos fundas de almohada. La funda de edred\u00f3n tama\u00f1o king mide 103.9 x 89.8\u00a0in. Las fundas de almohada tama\u00f1o king miden 20.0 x 36.0\u00a0in. (Edred\u00f3n no incluido).<\/p>\n<p>&nbsp;<\/p>\n","protected":false},"excerpt":{"rendered":"<p>El juego de funda n\u00f3rdica reversible impreso Genova cuenta con un lujoso patr\u00f3n floral con un dise\u00f1o de borde bordado. Estampado de flores y hojas de color caqui en el&hellip;<\/p>\n","protected":false},"featured_media":15510,"comment_status":"open","ping_status":"closed","template":"","meta":[],"product_cat":[160],"product_tag":[],"class_list":["post-15509","product","type-product","status-publish","has-post-thumbnail","hentry","product_cat-ropa-de-cama","layout-style-1","col-md-4 col-sm-4 col-xs-6","product-has-gallery","product-style-default"],"_links":{"self":[{"href":"https:\/\/homedecor.bosc.co\/store\/wp-json\/wp\/v2\/product\/15509","targetHints":{"allow":["GET"]}}],"collection":[{"href":"https:\/\/homedecor.bosc.co\/store\/wp-json\/wp\/v2\/product"}],"about":[{"href":"https:\/\/homedecor.bosc.co\/store\/wp-json\/wp\/v2\/types\/product"}],"replies":[{"embeddable":true,"href":"https:\/\/homedecor.bosc.co\/store\/wp-json\/wp\/v2\/comments?post=15509"}],"wp:featuredmedia":[{"embeddable":true,"href":"https:\/\/homedecor.bosc.co\/store\/wp-json\/wp\/v2\/media\/15510"}],"wp:attachment":[{"href":"https:\/\/homedecor.bosc.co\/store\/wp-json\/wp\/v2\/media?parent=15509"}],"wp:term":[{"taxonomy":"product_cat","embeddable":true,"href":"https:\/\/homedecor.bosc.co\/store\/wp-json\/wp\/v2\/product_cat?post=15509"},{"taxonomy":"product_tag","embeddable":true,"href":"https:\/\/homedecor.bosc.co\/store\/wp-json\/wp\/v2\/product_tag?post=15509"}],"curies":[{"name":"wp","href":"https:\/\/api.w.org\/{rel}","templated":true}]}}