{"id":15497,"date":"2021-09-06T13:07:55","date_gmt":"2021-09-06T18:07:55","guid":{"rendered":"https:\/\/homedecor.bosc.co\/store\/?post_type=product&#038;p=15497"},"modified":"2021-09-16T12:28:46","modified_gmt":"2021-09-16T17:28:46","slug":"funda-edredon-damasco","status":"publish","type":"product","link":"https:\/\/homedecor.bosc.co\/store\/producto\/funda-edredon-damasco\/","title":{"rendered":"Funda Edredon Damasco"},"content":{"rendered":"<p>Este juego de funda n\u00f3rdica est\u00e1 hecho de 100% algod\u00f3n natural, transpirable, lavable a m\u00e1quina y nunca se decolora. Te da la m\u00e1xima sensaci\u00f3n suave a un gran valor y te mantiene c\u00f3modo durante toda la noche.<\/p>\n<p>Incluye:1 funda de edred\u00f3n de 103.9 x 89.8 in (tama\u00f1o king) y 2 fundas de almohada de 19.7 x 35.8 in. Sin edred\u00f3n<\/p>\n","protected":false},"excerpt":{"rendered":"<p>Este juego de funda n\u00f3rdica est\u00e1 hecho de 100% algod\u00f3n natural, transpirable, lavable a m\u00e1quina y nunca se decolora. Te da la m\u00e1xima sensaci\u00f3n suave a un gran valor y&hellip;<\/p>\n","protected":false},"featured_media":15498,"comment_status":"open","ping_status":"closed","template":"","meta":[],"product_cat":[159,160],"product_tag":[],"class_list":["post-15497","product","type-product","status-publish","has-post-thumbnail","hentry","product_cat-dormitorios","product_cat-ropa-de-cama","layout-style-1","col-md-4 col-sm-4 col-xs-6","product-has-gallery","product-style-default"],"_links":{"self":[{"href":"https:\/\/homedecor.bosc.co\/store\/wp-json\/wp\/v2\/product\/15497","targetHints":{"allow":["GET"]}}],"collection":[{"href":"https:\/\/homedecor.bosc.co\/store\/wp-json\/wp\/v2\/product"}],"about":[{"href":"https:\/\/homedecor.bosc.co\/store\/wp-json\/wp\/v2\/types\/product"}],"replies":[{"embeddable":true,"href":"https:\/\/homedecor.bosc.co\/store\/wp-json\/wp\/v2\/comments?post=15497"}],"wp:featuredmedia":[{"embeddable":true,"href":"https:\/\/homedecor.bosc.co\/store\/wp-json\/wp\/v2\/media\/15498"}],"wp:attachment":[{"href":"https:\/\/homedecor.bosc.co\/store\/wp-json\/wp\/v2\/media?parent=15497"}],"wp:term":[{"taxonomy":"product_cat","embeddable":true,"href":"https:\/\/homedecor.bosc.co\/store\/wp-json\/wp\/v2\/product_cat?post=15497"},{"taxonomy":"product_tag","embeddable":true,"href":"https:\/\/homedecor.bosc.co\/store\/wp-json\/wp\/v2\/product_tag?post=15497"}],"curies":[{"name":"wp","href":"https:\/\/api.w.org\/{rel}","templated":true}]}}